{"id":69012,"date":"2026-02-24T09:57:33","date_gmt":"2026-02-24T08:57:33","guid":{"rendered":"https:\/\/kopartners.pl\/?post_type=product&#038;p=69012"},"modified":"2026-03-06T09:04:10","modified_gmt":"2026-03-06T08:04:10","slug":"palety-klarestien","status":"publish","type":"product","link":"https:\/\/kopartners.pl\/uk\/product\/palety-klarestien\/","title":{"rendered":"\u041f\u0430\u043b\u0456\u0442\u0440\u0430 Klarestien"},"content":{"rendered":"<h3 data-start=\"452\" data-end=\"475\">\u0421\u043f\u0435\u0446\u0438\u0444\u0456\u043a\u0430\u0446\u0456\u044f \u043f\u0456\u0434\u0434\u043e\u043d\u0443<\/h3>\n<p data-start=\"477\" data-end=\"527\">Paleta zawiera produkty marki Klarstein w klasach:<\/p>\n<ul data-start=\"529\" data-end=\"709\">\n<li data-start=\"529\" data-end=\"572\">\n<p data-start=\"531\" data-end=\"572\"><strong data-start=\"531\" data-end=\"536\">A<\/strong> - \u043d\u043e\u0432\u0456, \u043f\u043e\u0432\u043d\u043e\u0446\u0456\u043d\u043d\u0456 \u043f\u0440\u043e\u0434\u0443\u043a\u0442\u0438<\/p>\n<\/li>\n<li data-start=\"573\" data-end=\"641\">\n<p data-start=\"575\" data-end=\"641\"><strong data-start=\"575\" data-end=\"580\">B<\/strong> - \u043c\u043e\u0434\u0435\u043b\u0456 \u0437 \u043f\u043e\u0432\u0435\u0440\u043d\u0435\u043d\u043d\u044f\u043c \u0430\u0431\u043e \u043d\u0435\u0437\u043d\u0430\u0447\u043d\u0438\u043c\u0438 \u043e\u0437\u043d\u0430\u043a\u0430\u043c\u0438 \u0432\u0438\u043a\u043e\u0440\u0438\u0441\u0442\u0430\u043d\u043d\u044f<\/p>\n<\/li>\n<li data-start=\"642\" data-end=\"709\">\n<p data-start=\"644\" data-end=\"709\"><strong data-start=\"644\" data-end=\"649\">C<\/strong> - \u0432\u0438\u0440\u043e\u0431\u0438 \u0437 \u044f\u0432\u043d\u0438\u043c\u0438 \u0434\u0435\u0444\u0435\u043a\u0442\u0430\u043c\u0438 \u0430\u0431\u043e \u0442\u0430\u043a\u0456, \u0449\u043e \u043f\u043e\u0442\u0440\u0435\u0431\u0443\u044e\u0442\u044c \u043f\u0435\u0440\u0435\u0432\u0456\u0440\u043a\u0438<\/p>\n<\/li>\n<\/ul>\n<p data-start=\"711\" data-end=\"795\">Asortyment mo\u017ce obejmowa\u0107 r\u00f3\u017cne kategorie sprz\u0119tu w zale\u017cno\u015bci od aktualnej dostawy.<\/p>\n<h3 data-start=\"797\" data-end=\"821\">\u0414\u043e\u0434\u0430\u0442\u043a\u043e\u0432\u0430 \u0456\u043d\u0444\u043e\u0440\u043c\u0430\u0446\u0456\u044f<\/h3>\n<p data-start=\"823\" data-end=\"990\">Szczeg\u00f3\u0142owa specyfikacja aktualnych palet, zdj\u0119cia oraz dost\u0119pno\u015b\u0107 publikowane s\u0105 na naszym kanale Telegram.<br data-start=\"931\" data-end=\"934\" \/>\u0429\u043e\u0431 \u043e\u0442\u0440\u0438\u043c\u0430\u0442\u0438 \u0430\u043a\u0442\u0443\u0430\u043b\u044c\u043d\u0443 \u043f\u0440\u043e\u043f\u043e\u0437\u0438\u0446\u0456\u044e, \u043c\u0438 \u0437\u0430\u043f\u0440\u043e\u0448\u0443\u0454\u043c\u043e \u0432\u0430\u0441 \u0437\u0432'\u044f\u0437\u0430\u0442\u0438\u0441\u044f \u0437 \u043d\u0430\u043c\u0438.<\/p>","protected":false},"excerpt":{"rendered":"<p><strong data-start=\"155\" data-end=\"192\">\u041f\u043e\u0431\u0443\u0442\u043e\u0432\u0430 \u0442\u0435\u0445\u043d\u0456\u043a\u0430 Klarstein - \u043a\u043b\u0430\u0441 \"\u0410\u0431\u0435\u0442\u043a\u0430\".<\/strong><br data-start=\"192\" data-end=\"195\" \/>\u041e\u043f\u0442\u043e\u0432\u0430 \u043f\u0430\u043b\u0435\u0442\u0430 \u043f\u043e\u0431\u0443\u0442\u043e\u0432\u043e\u0457 \u0442\u0435\u0445\u043d\u0456\u043a\u0438 Klarstein \u043a\u043b\u0430\u0441\u0456\u0432 A, B \u0456 C. \u0422\u043e\u0432\u0430\u0440 \u0434\u043b\u044f \u043f\u0435\u0440\u0435\u043f\u0440\u043e\u0434\u0430\u0436\u0443.<\/p>","protected":false},"featured_media":69194,"template":"","meta":{"_acf_changed":false},"product_brand":[],"product_cat":[538,506],"product_tag":[564],"class_list":{"0":"post-69012","1":"product","2":"type-product","3":"status-publish","4":"has-post-thumbnail","6":"product_cat-wszystkie","7":"product_cat-palety-mix","8":"product_tag-paleta","10":"first","11":"instock","12":"taxable","13":"shipping-taxable","14":"purchasable","15":"product-type-simple"},"acf":[],"_links":{"self":[{"href":"https:\/\/kopartners.pl\/uk\/wp-json\/wp\/v2\/product\/69012","targetHints":{"allow":["GET"]}}],"collection":[{"href":"https:\/\/kopartners.pl\/uk\/wp-json\/wp\/v2\/product"}],"about":[{"href":"https:\/\/kopartners.pl\/uk\/wp-json\/wp\/v2\/types\/product"}],"version-history":[{"count":5,"href":"https:\/\/kopartners.pl\/uk\/wp-json\/wp\/v2\/product\/69012\/revisions"}],"predecessor-version":[{"id":69158,"href":"https:\/\/kopartners.pl\/uk\/wp-json\/wp\/v2\/product\/69012\/revisions\/69158"}],"wp:featuredmedia":[{"embeddable":true,"href":"https:\/\/kopartners.pl\/uk\/wp-json\/wp\/v2\/media\/69194"}],"wp:attachment":[{"href":"https:\/\/kopartners.pl\/uk\/wp-json\/wp\/v2\/media?parent=69012"}],"wp:term":[{"taxonomy":"product_brand","embeddable":true,"href":"https:\/\/kopartners.pl\/uk\/wp-json\/wp\/v2\/product_brand?post=69012"},{"taxonomy":"product_cat","embeddable":true,"href":"https:\/\/kopartners.pl\/uk\/wp-json\/wp\/v2\/product_cat?post=69012"},{"taxonomy":"product_tag","embeddable":true,"href":"https:\/\/kopartners.pl\/uk\/wp-json\/wp\/v2\/product_tag?post=69012"}],"curies":[{"name":"wp","href":"https:\/\/api.w.org\/{rel}","templated":true}]}}