{"id":68348,"date":"2025-05-26T08:54:14","date_gmt":"2025-05-26T06:54:14","guid":{"rendered":"https:\/\/kopartners.pl\/?post_type=product&#038;p=68348"},"modified":"2026-02-26T22:15:21","modified_gmt":"2026-02-26T21:15:21","slug":"obuwie-w-folii","status":"publish","type":"product","link":"https:\/\/kopartners.pl\/uk\/product\/obuwie-w-folii\/","title":{"rendered":"\u041f\u0456\u0434\u0434\u043e\u043d \u0434\u043b\u044f \u0432\u0437\u0443\u0442\u0442\u044f \u0432 \u0443\u043f\u0430\u043a\u043e\u0432\u0446\u0456"},"content":{"rendered":"<h3 data-start=\"316\" data-end=\"339\">\u0421\u043f\u0435\u0446\u0438\u0444\u0456\u043a\u0430\u0446\u0456\u044f \u043f\u0456\u0434\u0434\u043e\u043d\u0443<\/h3>\n<p data-start=\"341\" data-end=\"410\">\u041f\u0430\u043b\u0456\u0442\u0440\u0430 \u043c\u0456\u0441\u0442\u0438\u0442\u044c \u043f\u0440\u0438\u0431\u043b\u0438\u0437\u043d\u043e. <strong data-start=\"362\" data-end=\"399\">350\u2013400 par niesortowanego obuwia<\/strong> w klasach:<\/p>\n<ul data-start=\"412\" data-end=\"562\">\n<li data-start=\"412\" data-end=\"437\">\n<p data-start=\"414\" data-end=\"437\"><strong data-start=\"414\" data-end=\"419\">A<\/strong> \u2013 produkty nowe<\/p>\n<\/li>\n<li data-start=\"438\" data-end=\"505\">\n<p data-start=\"440\" data-end=\"505\"><strong data-start=\"440\" data-end=\"445\">B<\/strong> \u2013 modele po zwrotach lub z widocznymi \u015bladami u\u017cytkowania<\/p>\n<\/li>\n<li data-start=\"506\" data-end=\"562\">\n<p data-start=\"508\" data-end=\"562\"><strong data-start=\"508\" data-end=\"513\">C<\/strong> \u2013 produkty z wadami lub wymagaj\u0105ce od\u015bwie\u017cenia<\/p>\n<\/li>\n<\/ul>\n<p data-start=\"564\" data-end=\"719\">\u0426\u0435 \u043f\u0430\u043b\u0456\u0442\u0440\u0430 <strong data-start=\"579\" data-end=\"595\">\u043d\u0435\u0441\u043e\u0440\u0442\u043e\u0432\u0430\u043d\u0456<\/strong>, co oznacza naturalny, losowy mix modeli, rozmiar\u00f3w oraz klas jako\u015bci. Obuwie znajduje si\u0119 na palecie zabezpieczonej foli\u0105.<\/p>\n<p data-start=\"721\" data-end=\"811\">Ze wzgl\u0119du na charakter palety, struktura asortymentu oraz proporcje klas mog\u0105 si\u0119 r\u00f3\u017cni\u0107.<\/p>\n<h3 data-start=\"813\" data-end=\"837\">\u0414\u043e\u0434\u0430\u0442\u043a\u043e\u0432\u0430 \u0456\u043d\u0444\u043e\u0440\u043c\u0430\u0446\u0456\u044f<\/h3>\n<p data-start=\"839\" data-end=\"984\">\u0410\u043a\u0442\u0443\u0430\u043b\u044c\u043d\u0456 \u0442\u0435\u0445\u043d\u0456\u0447\u043d\u0456 \u0445\u0430\u0440\u0430\u043a\u0442\u0435\u0440\u0438\u0441\u0442\u0438\u043a\u0438, \u0444\u043e\u0442\u043e \u043f\u0456\u0434\u0434\u043e\u043d\u0456\u0432 \u0442\u0430 \u043d\u0430\u044f\u0432\u043d\u0456\u0441\u0442\u044c \u043f\u0443\u0431\u043b\u0456\u043a\u0443\u0454\u043c\u043e \u043d\u0430 \u043d\u0430\u0448\u043e\u043c\u0443 Telegram-\u043a\u0430\u043d\u0430\u043b\u0456.<br data-start=\"930\" data-end=\"933\" \/>W celu uzyskania szczeg\u00f3\u0142\u00f3w zapraszamy do kontaktu.<\/p>","protected":false},"excerpt":{"rendered":"<p data-start=\"99\" data-end=\"273\"><strong data-start=\"99\" data-end=\"160\">\u041d\u0435\u0441\u043e\u0440\u0442\u043e\u0432\u0430\u043d\u0430 \u043f\u0430\u043b\u0435\u0442\u0430 \u0432\u0437\u0443\u0442\u0442\u044f ABC \u0443 \u0444\u043e\u043b\u044c\u0437\u0456 - \u043f\u0440\u0438\u0431\u043b\u0438\u0437\u043d\u043e 350-400 \u043f\u0430\u0440.<\/strong><br data-start=\"160\" data-end=\"163\" \/>\u0412\u0435\u043b\u0438\u043a\u0430 \u043e\u043f\u0442\u043e\u0432\u0430 \u043f\u0430\u043b\u0435\u0442\u0430, \u0449\u043e \u043c\u0456\u0441\u0442\u0438\u0442\u044c \u0432\u0437\u0443\u0442\u0442\u044f \u043a\u043b\u0430\u0441\u0456\u0432 \u0410, \u0412 \u0456 \u0421. \u0422\u043e\u0432\u0430\u0440 \u0437\u0430\u0445\u0438\u0449\u0435\u043d\u0438\u0439 \u043f\u043b\u0456\u0432\u043a\u043e\u044e, \u0431\u0435\u0437 \u0434\u043e\u0434\u0430\u0442\u043a\u043e\u0432\u043e\u0433\u043e \u0432\u0456\u0434\u0431\u043e\u0440\u0443.<\/p>","protected":false},"featured_media":68821,"template":"","meta":{"_acf_changed":false},"product_brand":[],"product_cat":[538,503],"product_tag":[564],"class_list":{"0":"post-68348","1":"product","2":"type-product","3":"status-publish","4":"has-post-thumbnail","6":"product_cat-wszystkie","7":"product_cat-obuwie","8":"product_tag-paleta","10":"first","11":"outofstock","12":"taxable","13":"shipping-taxable","14":"purchasable","15":"product-type-simple"},"acf":[],"_links":{"self":[{"href":"https:\/\/kopartners.pl\/uk\/wp-json\/wp\/v2\/product\/68348","targetHints":{"allow":["GET"]}}],"collection":[{"href":"https:\/\/kopartners.pl\/uk\/wp-json\/wp\/v2\/product"}],"about":[{"href":"https:\/\/kopartners.pl\/uk\/wp-json\/wp\/v2\/types\/product"}],"version-history":[{"count":9,"href":"https:\/\/kopartners.pl\/uk\/wp-json\/wp\/v2\/product\/68348\/revisions"}],"predecessor-version":[{"id":69155,"href":"https:\/\/kopartners.pl\/uk\/wp-json\/wp\/v2\/product\/68348\/revisions\/69155"}],"wp:featuredmedia":[{"embeddable":true,"href":"https:\/\/kopartners.pl\/uk\/wp-json\/wp\/v2\/media\/68821"}],"wp:attachment":[{"href":"https:\/\/kopartners.pl\/uk\/wp-json\/wp\/v2\/media?parent=68348"}],"wp:term":[{"taxonomy":"product_brand","embeddable":true,"href":"https:\/\/kopartners.pl\/uk\/wp-json\/wp\/v2\/product_brand?post=68348"},{"taxonomy":"product_cat","embeddable":true,"href":"https:\/\/kopartners.pl\/uk\/wp-json\/wp\/v2\/product_cat?post=68348"},{"taxonomy":"product_tag","embeddable":true,"href":"https:\/\/kopartners.pl\/uk\/wp-json\/wp\/v2\/product_tag?post=68348"}],"curies":[{"name":"wp","href":"https:\/\/api.w.org\/{rel}","templated":true}]}}