{"id":68340,"date":"2025-05-26T08:40:03","date_gmt":"2025-05-26T06:40:03","guid":{"rendered":"https:\/\/kopartners.pl\/?post_type=product&#038;p=68340"},"modified":"2026-03-02T08:52:16","modified_gmt":"2026-03-02T07:52:16","slug":"obuwie-b","status":"publish","type":"product","link":"https:\/\/kopartners.pl\/uk\/product\/obuwie-b\/","title":{"rendered":"\u0412\u0437\u0443\u0442\u0442\u0454\u0432\u0430 \u043f\u0430\u043b\u0456\u0442\u0440\u0430 B"},"content":{"rendered":"<h3 data-start=\"484\" data-end=\"507\">\u0421\u043f\u0435\u0446\u0438\u0444\u0456\u043a\u0430\u0446\u0456\u044f \u043f\u0456\u0434\u0434\u043e\u043d\u0443<\/h3>\n<p data-start=\"509\" data-end=\"563\">\u041f\u0430\u043b\u0456\u0442\u0440\u0430 \u043c\u0456\u0441\u0442\u0438\u0442\u044c \u043f\u0440\u0438\u0431\u043b\u0438\u0437\u043d\u043e. <strong data-start=\"530\" data-end=\"552\">100\u2013150 par obuwia<\/strong> w klasach:<\/p>\n<ul data-start=\"565\" data-end=\"677\">\n<li data-start=\"565\" data-end=\"608\">\n<p data-start=\"567\" data-end=\"608\"><strong data-start=\"567\" data-end=\"572\">A<\/strong> - \u043d\u043e\u0432\u0456, \u043f\u043e\u0432\u043d\u043e\u0446\u0456\u043d\u043d\u0456 \u043f\u0440\u043e\u0434\u0443\u043a\u0442\u0438<\/p>\n<\/li>\n<li data-start=\"609\" data-end=\"677\">\n<p data-start=\"611\" data-end=\"677\"><strong data-start=\"611\" data-end=\"616\">B<\/strong> - \u043c\u043e\u0434\u0435\u043b\u0456 \u0437 \u043f\u043e\u0432\u0435\u0440\u043d\u0435\u043d\u043d\u044f\u043c \u0430\u0431\u043e \u043d\u0435\u0437\u043d\u0430\u0447\u043d\u0438\u043c\u0438 \u043e\u0437\u043d\u0430\u043a\u0430\u043c\u0438 \u0432\u0438\u043a\u043e\u0440\u0438\u0441\u0442\u0430\u043d\u043d\u044f<\/p>\n<\/li>\n<\/ul>\n<p data-start=\"679\" data-end=\"794\">\u0426\u0435 \u043f\u0430\u043b\u0456\u0442\u0440\u0430 <strong data-start=\"694\" data-end=\"710\">\u043d\u0435\u0441\u043e\u0440\u0442\u043e\u0432\u0430\u043d\u0456<\/strong>, co oznacza naturalny mix modeli, rozmiar\u00f3w i typ\u00f3w obuwia bez dodatkowej selekcji.<\/p>\n<p data-start=\"796\" data-end=\"867\">Ka\u017cda paleta mo\u017ce r\u00f3\u017cni\u0107 si\u0119 struktur\u0105 modeli oraz rozk\u0142adem rozmiar\u00f3w.<\/p>\n<h3 data-start=\"869\" data-end=\"893\">\u0414\u043e\u0434\u0430\u0442\u043a\u043e\u0432\u0430 \u0456\u043d\u0444\u043e\u0440\u043c\u0430\u0446\u0456\u044f<\/h3>\n<p data-start=\"895\" data-end=\"1060\">Szczeg\u00f3\u0142owe specyfikacje aktualnych palet, zdj\u0119cia oraz dost\u0119pno\u015b\u0107 publikujemy na naszym kanale Telegram.<br data-start=\"1000\" data-end=\"1003\" \/>W celu uzyskania aktualnej oferty zapraszamy do kontaktu.<\/p>","protected":false},"excerpt":{"rendered":"<p><strong data-start=\"301\" data-end=\"353\">\u041d\u0435\u0441\u043e\u0440\u0442\u043e\u0432\u0430\u043d\u0438\u0439 \u043f\u0456\u0434\u0434\u043e\u043d \u0434\u043b\u044f \u0432\u0437\u0443\u0442\u0442\u044f \u0412 - \u043f\u0440\u0438\u0431\u043b\u0438\u0437\u043d\u043e 100-150 \u043f\u0430\u0440.<\/strong><br data-start=\"353\" data-end=\"356\" \/>\u041e\u043f\u0442\u043e\u0432\u0430 \u0441\u0443\u043c\u0456\u0448 \u043a\u043b\u0430\u0441\u0456\u0432 \u0410 \u0442\u0430 \u0412. \u041d\u0435\u0441\u043e\u0440\u0442\u043e\u0432\u0430\u043d\u0438\u0439 \u043f\u0456\u0434\u0434\u043e\u043d \u0437 \u0440\u0456\u0437\u043d\u0438\u043c\u0438 \u043c\u043e\u0434\u0435\u043b\u044f\u043c\u0438 \u0442\u0430 \u0440\u043e\u0437\u043c\u0456\u0440\u0430\u043c\u0438.<\/p>","protected":false},"featured_media":69181,"template":"","meta":{"_acf_changed":false},"product_brand":[],"product_cat":[538,503],"product_tag":[564],"class_list":{"0":"post-68340","1":"product","2":"type-product","3":"status-publish","4":"has-post-thumbnail","6":"product_cat-wszystkie","7":"product_cat-obuwie","8":"product_tag-paleta","10":"first","11":"outofstock","12":"taxable","13":"shipping-taxable","14":"purchasable","15":"product-type-simple"},"acf":[],"_links":{"self":[{"href":"https:\/\/kopartners.pl\/uk\/wp-json\/wp\/v2\/product\/68340","targetHints":{"allow":["GET"]}}],"collection":[{"href":"https:\/\/kopartners.pl\/uk\/wp-json\/wp\/v2\/product"}],"about":[{"href":"https:\/\/kopartners.pl\/uk\/wp-json\/wp\/v2\/types\/product"}],"version-history":[{"count":6,"href":"https:\/\/kopartners.pl\/uk\/wp-json\/wp\/v2\/product\/68340\/revisions"}],"predecessor-version":[{"id":69162,"href":"https:\/\/kopartners.pl\/uk\/wp-json\/wp\/v2\/product\/68340\/revisions\/69162"}],"wp:featuredmedia":[{"embeddable":true,"href":"https:\/\/kopartners.pl\/uk\/wp-json\/wp\/v2\/media\/69181"}],"wp:attachment":[{"href":"https:\/\/kopartners.pl\/uk\/wp-json\/wp\/v2\/media?parent=68340"}],"wp:term":[{"taxonomy":"product_brand","embeddable":true,"href":"https:\/\/kopartners.pl\/uk\/wp-json\/wp\/v2\/product_brand?post=68340"},{"taxonomy":"product_cat","embeddable":true,"href":"https:\/\/kopartners.pl\/uk\/wp-json\/wp\/v2\/product_cat?post=68340"},{"taxonomy":"product_tag","embeddable":true,"href":"https:\/\/kopartners.pl\/uk\/wp-json\/wp\/v2\/product_tag?post=68340"}],"curies":[{"name":"wp","href":"https:\/\/api.w.org\/{rel}","templated":true}]}}