{"id":69095,"date":"2026-02-25T09:19:57","date_gmt":"2026-02-25T08:19:57","guid":{"rendered":"https:\/\/kopartners.pl\/?post_type=product&#038;p=69095"},"modified":"2026-04-22T07:29:42","modified_gmt":"2026-04-22T05:29:42","slug":"bielizna-calzedonia-intimissimi-tezenis","status":"publish","type":"product","link":"https:\/\/kopartners.pl\/de\/produkt\/bielizna-calzedonia-intimissimi-tezenis\/","title":{"rendered":"Dessous Calzedonia \/ Intimissimi \/ Tezenis"},"content":{"rendered":"<p data-start=\"303\" data-end=\"501\">Unterw\u00e4schepaket von bekannten Marken wie <strong data-start=\"352\" data-end=\"392\">Intimissimi, Calzedonia und Tezenis<\/strong> ist eine hervorragende Option f\u00fcr Einzelh\u00e4ndler, die ihren Kunden Produkte von bekannten und angesehenen Marken anbieten m\u00f6chten.<\/p>\n<p data-start=\"503\" data-end=\"626\">Dies ist eine Kategorie mit <strong data-start=\"518\" data-end=\"546\">st\u00e4ndige und hohe Nachfrage<\/strong>, und ist damit ideal f\u00fcr den Online- und den station\u00e4ren Handel.<\/p>\n<h3 data-section-id=\"eacgrf\" data-start=\"628\" data-end=\"649\">Was das Paket enth\u00e4lt<\/h3>\n<p data-start=\"651\" data-end=\"694\">Das Set enth\u00e4lt unter anderem folgende Produkte:<\/p>\n<ul data-start=\"696\" data-end=\"805\">\n<li data-section-id=\"1uhm23\" data-start=\"696\" data-end=\"707\">BHs<\/li>\n<li data-section-id=\"1r1v1mg\" data-start=\"708\" data-end=\"718\">Schrifts\u00e4tze<\/li>\n<li data-section-id=\"1l2lv74\" data-start=\"719\" data-end=\"731\">Strumpfhosen<\/li>\n<li data-section-id=\"1qgyffc\" data-start=\"732\" data-end=\"742\">Pyjama<\/li>\n<li data-section-id=\"1svedb9\" data-start=\"743\" data-end=\"768\">Haushalt und Grundausstattung an Kleidung<\/li>\n<li data-section-id=\"1ubtlv8\" data-start=\"769\" data-end=\"805\">andere Unterw\u00e4sche und Kleidungsst\u00fccke<\/li>\n<\/ul>\n<p data-start=\"807\" data-end=\"889\">Das Paket ist <strong data-start=\"827\" data-end=\"835\">mischen<\/strong>, Das bedeutet, dass es eine Vielzahl von Modellen, Gr\u00f6\u00dfen und Schnitten gibt. Das Paket enth\u00e4lt 200 Produkte.<\/p>\n<h3 data-section-id=\"wiflis\" data-start=\"891\" data-end=\"911\">Inklusive Marken<\/h3>\n<ul data-start=\"913\" data-end=\"955\">\n<li data-section-id=\"1bd5f5n\" data-start=\"913\" data-end=\"928\">Intimissimi<\/li>\n<li data-section-id=\"4v8xg4\" data-start=\"929\" data-end=\"943\">Calzedonia<\/li>\n<li data-section-id=\"11dte1e\" data-start=\"944\" data-end=\"955\">Tezenis<\/li>\n<\/ul>\n<p data-start=\"957\" data-end=\"1041\">Es handelt sich um Marken, die auf dem europ\u00e4ischen Markt gut bekannt sind, was den Verkauf erheblich erleichtert.<\/p>\n<h3 data-section-id=\"1fr11xk\" data-start=\"1043\" data-end=\"1066\">Produktkategorie<\/h3>\n<p data-start=\"1068\" data-end=\"1119\">Die Produkte in dem Paket geh\u00f6ren zu der Kategorie <strong data-start=\"1113\" data-end=\"1118\">A<\/strong>.<\/p>\n<p data-start=\"1121\" data-end=\"1145\"><strong data-start=\"1121\" data-end=\"1145\">Kategorie A bedeutet:<\/strong><\/p>\n<ul data-start=\"1147\" data-end=\"1233\">\n<li data-section-id=\"10w8141\" data-start=\"1147\" data-end=\"1164\">neue Produkte<\/li>\n<li data-section-id=\"3vkvgt\" data-start=\"1165\" data-end=\"1185\">vollwertiges<\/li>\n<li data-section-id=\"ppjf6b\" data-start=\"1186\" data-end=\"1212\">keine Gebrauchsspuren<\/li>\n<li data-section-id=\"pwjnzc\" data-start=\"1213\" data-end=\"1233\">oft mit Tags<\/li>\n<\/ul>\n<h3 data-section-id=\"lnjmld\" data-start=\"1235\" data-end=\"1271\">Warum dieses Paket w\u00e4hlen<\/h3>\n<p data-start=\"1273\" data-end=\"1533\">\u2714 bekannte und angesehene Marken<br data-start=\"1296\" data-end=\"1299\" \/>\u2714 sehr hoher Produktumsatz<br data-start=\"1332\" data-end=\"1335\" \/>\u2714 ideale Kategorie f\u00fcr den Online-Verkauf<br data-start=\"1374\" data-end=\"1377\" \/>\u2714 attraktives Verh\u00e4ltnis zwischen Preis und Verkaufspotenzial<br data-start=\"1429\" data-end=\"1432\" \/>\u2714 M\u00f6glichkeit des Verkaufs einzelner Artikel mit hoher Gewinnspanne<br data-start=\"1487\" data-end=\"1490\" \/>\u2714 Produkte des t\u00e4glichen Bedarfs - anhaltende Nachfrage<\/p>\n<h3 data-section-id=\"13xx986\" data-start=\"1535\" data-end=\"1563\">F\u00fcr wen ist dieses Paket gedacht?<\/h3>\n<ul data-start=\"1565\" data-end=\"1746\">\n<li data-section-id=\"vabmh4\" data-start=\"1565\" data-end=\"1597\">Online-Kleidungsgesch\u00e4fte<\/li>\n<li data-section-id=\"p2mig0\" data-start=\"1598\" data-end=\"1636\">Verk\u00e4ufer auf Allegro, Vinted, OLX<\/li>\n<li data-section-id=\"iy6pur\" data-start=\"1637\" data-end=\"1657\">Boutiquen und Outlets<\/li>\n<li data-section-id=\"1ym84v7\" data-start=\"1658\" data-end=\"1697\">Einzelh\u00e4ndler f\u00fcr Unterw\u00e4sche und Basiskleidung<\/li>\n<li data-section-id=\"kl06r4\" data-start=\"1698\" data-end=\"1746\">Newcomer in der Modebranche<\/li>\n<\/ul>\n<p data-start=\"1748\" data-end=\"1910\">Das Dessous-Paket von Intimissimi, Calzedonia und Tezenis umfasst. <strong data-start=\"1801\" data-end=\"1909\">eine sichere und bew\u00e4hrte Wahl f\u00fcr alle, die Produkte mit hohem Umsatzpotenzial verkaufen wollen<\/strong>.<\/p>","protected":false},"excerpt":{"rendered":"<p><strong data-start=\"195\" data-end=\"258\">Packung mit Calzedonia, Intimissimi, Tezenis Unterw\u00e4sche - 200 St\u00fcck.<\/strong><br data-start=\"258\" data-end=\"261\" \/>Neue, originale Unterw\u00e4sche von bekannten Marken. Gro\u00dfhandelspaket f\u00fcr den Wiederverkauf. Schneller Versand.<\/p>","protected":false},"featured_media":69264,"template":"","meta":{"_acf_changed":false},"product_brand":[],"product_cat":[538,557],"product_tag":[],"class_list":{"0":"post-69095","1":"product","2":"type-product","3":"status-publish","4":"has-post-thumbnail","6":"product_cat-wszystkie","7":"product_cat-bielizna","9":"first","10":"outofstock","11":"taxable","12":"shipping-taxable","13":"purchasable","14":"product-type-simple"},"acf":[],"_links":{"self":[{"href":"https:\/\/kopartners.pl\/de\/wp-json\/wp\/v2\/product\/69095","targetHints":{"allow":["GET"]}}],"collection":[{"href":"https:\/\/kopartners.pl\/de\/wp-json\/wp\/v2\/product"}],"about":[{"href":"https:\/\/kopartners.pl\/de\/wp-json\/wp\/v2\/types\/product"}],"version-history":[{"count":7,"href":"https:\/\/kopartners.pl\/de\/wp-json\/wp\/v2\/product\/69095\/revisions"}],"predecessor-version":[{"id":69337,"href":"https:\/\/kopartners.pl\/de\/wp-json\/wp\/v2\/product\/69095\/revisions\/69337"}],"wp:featuredmedia":[{"embeddable":true,"href":"https:\/\/kopartners.pl\/de\/wp-json\/wp\/v2\/media\/69264"}],"wp:attachment":[{"href":"https:\/\/kopartners.pl\/de\/wp-json\/wp\/v2\/media?parent=69095"}],"wp:term":[{"taxonomy":"product_brand","embeddable":true,"href":"https:\/\/kopartners.pl\/de\/wp-json\/wp\/v2\/product_brand?post=69095"},{"taxonomy":"product_cat","embeddable":true,"href":"https:\/\/kopartners.pl\/de\/wp-json\/wp\/v2\/product_cat?post=69095"},{"taxonomy":"product_tag","embeddable":true,"href":"https:\/\/kopartners.pl\/de\/wp-json\/wp\/v2\/product_tag?post=69095"}],"curies":[{"name":"wp","href":"https:\/\/api.w.org\/{rel}","templated":true}]}}