{"id":69029,"date":"2026-02-24T11:18:23","date_gmt":"2026-02-24T10:18:23","guid":{"rendered":"https:\/\/kopartners.pl\/?post_type=product&#038;p=69029"},"modified":"2026-03-23T08:22:40","modified_gmt":"2026-03-23T07:22:40","slug":"paleta-odziezy-b","status":"publish","type":"product","link":"https:\/\/kopartners.pl\/de\/produkt\/paleta-odziezy-b\/","title":{"rendered":"Bekleidungspaket - A"},"content":{"rendered":"<h3 data-section-id=\"1y3x6i2\" data-start=\"263\" data-end=\"316\">Neue Markenkleidung im Einklang mit den aktuellen Trends<\/h3>\n<p data-start=\"318\" data-end=\"589\">Klassenkleidungspaket <strong data-start=\"339\" data-end=\"344\">A<\/strong> sind hochwertige Produkte aus dem Restpostenbestand einer der gr\u00f6\u00dften Verkaufsplattformen Europas. Dies ist eine hervorragende Option f\u00fcr Einzelh\u00e4ndler, die ihren Kunden modische und aktuelle Kleidung anbieten m\u00f6chten, ohne dabei Kompromisse bei der Qualit\u00e4t einzugehen.<\/p>\n<p data-start=\"591\" data-end=\"693\">Der Bausatz enth\u00e4lt <strong data-start=\"607\" data-end=\"633\">Fr\u00fchjahr\/Sommer-Kleidung<\/strong>, die modernes Design mit hoher Verarbeitungsqualit\u00e4t verbindet.<\/p>\n<h3 data-section-id=\"eacgrf\" data-start=\"695\" data-end=\"716\">Was das Paket enth\u00e4lt<\/h3>\n<p data-start=\"718\" data-end=\"772\">Das Paket enth\u00e4lt verschiedene Kleidungsst\u00fccke, darunter:<\/p>\n<ul data-start=\"774\" data-end=\"901\">\n<li data-section-id=\"1rqlet2\" data-start=\"774\" data-end=\"794\">Freizeitkleidung<\/li>\n<li data-section-id=\"132ps5k\" data-start=\"795\" data-end=\"828\">saisonale Kleidung (Fr\u00fchling\/Sommer)<\/li>\n<li data-section-id=\"oiknw7\" data-start=\"829\" data-end=\"874\">trendige Mode im Einklang mit den aktuellen Trends<\/li>\n<li data-section-id=\"197qg6f\" data-start=\"875\" data-end=\"901\">verschiedene Gr\u00f6\u00dfen und Schnitte<\/li>\n<\/ul>\n<p data-start=\"903\" data-end=\"984\">Das Paket ist <strong data-start=\"923\" data-end=\"931\">mischen<\/strong>, was es erm\u00f6glicht, ein differenziertes Verkaufsangebot zu erstellen.<\/p>\n<h3 data-section-id=\"leb9ib\" data-start=\"986\" data-end=\"1011\">Herkunft der Erzeugnisse<\/h3>\n<p data-start=\"1013\" data-end=\"1111\">Die Kleidungsst\u00fccke stammen aus <strong data-start=\"1031\" data-end=\"1098\">\u00dcberschussbest\u00e4nde einer der gr\u00f6\u00dften E-Commerce-Plattformen<\/strong>, was bedeutet:<\/p>\n<ul data-start=\"1113\" data-end=\"1198\">\n<li data-section-id=\"1mmomzz\" data-start=\"1113\" data-end=\"1134\">aktuelle Kollektionen<\/li>\n<li data-section-id=\"15pgmvj\" data-start=\"1135\" data-end=\"1151\">modische Modelle<\/li>\n<li data-section-id=\"p305m6\" data-start=\"1152\" data-end=\"1198\">f\u00fcr den europ\u00e4ischen Markt aufbereitete Produkte<\/li>\n<\/ul>\n<h3 data-section-id=\"1fr11xk\" data-start=\"1200\" data-end=\"1223\">Produktkategorie<\/h3>\n<p data-start=\"1225\" data-end=\"1276\">Die Produkte in dem Paket geh\u00f6ren zu der Kategorie <strong data-start=\"1270\" data-end=\"1275\">A<\/strong>.<\/p>\n<p data-start=\"1278\" data-end=\"1302\"><strong data-start=\"1278\" data-end=\"1302\">Kategorie A bedeutet:<\/strong><\/p>\n<ul data-start=\"1304\" data-end=\"1390\">\n<li data-section-id=\"10w8141\" data-start=\"1304\" data-end=\"1321\">neue Produkte<\/li>\n<li data-section-id=\"3vkvgt\" data-start=\"1322\" data-end=\"1342\">vollwertiges<\/li>\n<li data-section-id=\"ppjf6b\" data-start=\"1343\" data-end=\"1369\">keine Gebrauchsspuren<\/li>\n<li data-section-id=\"pwjnzc\" data-start=\"1370\" data-end=\"1390\">oft mit Tags<\/li>\n<\/ul>\n<h3 data-section-id=\"lnjmld\" data-start=\"1392\" data-end=\"1428\">Warum dieses Paket w\u00e4hlen<\/h3>\n<p data-start=\"1430\" data-end=\"1684\">\u2714 neue Kleidung - keine Auswahl notwendig<br data-start=\"1472\" data-end=\"1475\" \/>\u2714 aktuelle Modetrends<br data-start=\"1499\" data-end=\"1502\" \/>\u2714 hohe Verarbeitungsqualit\u00e4t<br data-start=\"1527\" data-end=\"1530\" \/>\u2714 ideales Angebot f\u00fcr die Fr\u00fchjahr\/Sommer-Saison<br data-start=\"1567\" data-end=\"1570\" \/>\u2714 schneller Warenumschlag<br data-start=\"1596\" data-end=\"1599\" \/>\u2714 die M\u00f6glichkeit, zu h\u00f6heren Preisen zu verkaufen<br data-start=\"1638\" data-end=\"1641\" \/>\u2714 Waren, die sofort verkauft werden k\u00f6nnen<\/p>\n<h3 data-section-id=\"13xx986\" data-start=\"1686\" data-end=\"1714\">F\u00fcr wen ist dieses Paket gedacht?<\/h3>\n<ul data-start=\"1716\" data-end=\"1894\">\n<li data-section-id=\"vabmh4\" data-start=\"1716\" data-end=\"1748\">Online-Kleidungsgesch\u00e4fte<\/li>\n<li data-section-id=\"smxfbb\" data-start=\"1749\" data-end=\"1780\">Boutiquen und Schreibwarengesch\u00e4fte<\/li>\n<li data-section-id=\"p2mig0\" data-start=\"1781\" data-end=\"1819\">Verk\u00e4ufer auf Allegro, Vinted, OLX<\/li>\n<li data-section-id=\"ubtpeg\" data-start=\"1820\" data-end=\"1851\">Fashion Brand Builders<\/li>\n<li data-section-id=\"koayfg\" data-start=\"1852\" data-end=\"1894\">Einzelh\u00e4ndler auf der Suche nach Qualit\u00e4tsware<\/li>\n<\/ul>\n<p data-start=\"1896\" data-end=\"2052\">Das Bekleidungspaket der Klasse A ist <strong data-start=\"1922\" data-end=\"2051\">die ideale Wahl f\u00fcr Einzelh\u00e4ndler, die ihren Kunden modische, neue und hochwertige Kleidungsst\u00fccke mit hohem Verkaufspotenzial anbieten m\u00f6chten<\/strong>.<\/p>","protected":false},"excerpt":{"rendered":"<p><strong>Neue Kleidung, Kategorie A \u2013 Saison Fr\u00fchling\/Sommer<\/strong><\/p>\n<p>Stilvolle Bekleidungsvorschl\u00e4ge f\u00fcr die w\u00e4rmeren Monate \u2013 frische Schnitte, modische Farben und hochwertige Verarbeitung.<\/p>","protected":false},"featured_media":69256,"template":"","meta":{"_acf_changed":false},"product_brand":[],"product_cat":[538,504],"product_tag":[],"class_list":{"0":"post-69029","1":"product","2":"type-product","3":"status-publish","4":"has-post-thumbnail","6":"product_cat-wszystkie","7":"product_cat-odziez","9":"first","10":"instock","11":"taxable","12":"shipping-taxable","13":"purchasable","14":"product-type-simple"},"acf":[],"_links":{"self":[{"href":"https:\/\/kopartners.pl\/de\/wp-json\/wp\/v2\/product\/69029","targetHints":{"allow":["GET"]}}],"collection":[{"href":"https:\/\/kopartners.pl\/de\/wp-json\/wp\/v2\/product"}],"about":[{"href":"https:\/\/kopartners.pl\/de\/wp-json\/wp\/v2\/types\/product"}],"version-history":[{"count":4,"href":"https:\/\/kopartners.pl\/de\/wp-json\/wp\/v2\/product\/69029\/revisions"}],"predecessor-version":[{"id":69339,"href":"https:\/\/kopartners.pl\/de\/wp-json\/wp\/v2\/product\/69029\/revisions\/69339"}],"wp:featuredmedia":[{"embeddable":true,"href":"https:\/\/kopartners.pl\/de\/wp-json\/wp\/v2\/media\/69256"}],"wp:attachment":[{"href":"https:\/\/kopartners.pl\/de\/wp-json\/wp\/v2\/media?parent=69029"}],"wp:term":[{"taxonomy":"product_brand","embeddable":true,"href":"https:\/\/kopartners.pl\/de\/wp-json\/wp\/v2\/product_brand?post=69029"},{"taxonomy":"product_cat","embeddable":true,"href":"https:\/\/kopartners.pl\/de\/wp-json\/wp\/v2\/product_cat?post=69029"},{"taxonomy":"product_tag","embeddable":true,"href":"https:\/\/kopartners.pl\/de\/wp-json\/wp\/v2\/product_tag?post=69029"}],"curies":[{"name":"wp","href":"https:\/\/api.w.org\/{rel}","templated":true}]}}