{"id":69027,"date":"2026-02-24T11:15:26","date_gmt":"2026-02-24T10:15:26","guid":{"rendered":"https:\/\/kopartners.pl\/?post_type=product&#038;p=69027"},"modified":"2026-04-09T08:51:13","modified_gmt":"2026-04-09T06:51:13","slug":"pakiet-obuwia-w-folii","status":"publish","type":"product","link":"https:\/\/kopartners.pl\/de\/produkt\/pakiet-obuwia-w-folii\/","title":{"rendered":"Paket mit Schuhen"},"content":{"rendered":"<h3 data-section-id=\"17sra3v\" data-start=\"234\" data-end=\"294\">Kosteng\u00fcnstiges Schuhpaket mit hohem Verdienstpotenzial<\/h3>\n<p data-start=\"296\" data-end=\"537\">Das Schuhpaket ist ein Angebot f\u00fcr Einzelh\u00e4ndler, die auf der Suche nach Waren zu einem attraktiven Einkaufspreis mit der M\u00f6glichkeit sind, hohe Gewinnspannen zu erzielen. Es ist das \u00c4quivalent zu den beliebten <strong data-start=\"480\" data-end=\"499\">\u201eFolienschuhe\u201d<\/strong>, sondern in Form einer Pappverpackung.<\/p>\n<p data-start=\"539\" data-end=\"660\">Das Kit enth\u00e4lt Schuhe von Marken, die auf E-Commerce-Plattformen erh\u00e4ltlich sind, und erleichtert so den Verkauf und den schnelleren Warenumschlag.<\/p>\n<h3 data-section-id=\"eacgrf\" data-start=\"662\" data-end=\"683\">Was das Paket enth\u00e4lt<\/h3>\n<p data-start=\"685\" data-end=\"719\">Das Paket enth\u00e4lt eine Mischung aus Schuhen, darunter:<\/p>\n<ul data-start=\"721\" data-end=\"807\">\n<li data-section-id=\"1xjf9fg\" data-start=\"721\" data-end=\"740\">Sportschuhe<\/li>\n<li data-section-id=\"1e7z9w0\" data-start=\"741\" data-end=\"761\">Freizeitschuhe<\/li>\n<li data-section-id=\"14bjl0b\" data-start=\"762\" data-end=\"781\">saisonales Schuhwerk<\/li>\n<li data-section-id=\"15epyvl\" data-start=\"782\" data-end=\"807\">verschiedene Modelle und Stile<\/li>\n<\/ul>\n<p data-start=\"809\" data-end=\"877\">Die Produkte sind in Kartons verpackt und haben ein <strong data-start=\"859\" data-end=\"876\">zuf\u00e4llige Kombination<\/strong>.<\/p>\n<h3 data-section-id=\"df7udp\" data-start=\"879\" data-end=\"906\">Merkmale der Verpackung<\/h3>\n<ul data-start=\"908\" data-end=\"1108\">\n<li data-section-id=\"14kp4jg\" data-start=\"908\" data-end=\"952\">die Vorherrschaft der Produkte in der Kategorie <strong data-start=\"941\" data-end=\"950\">B und C<\/strong><\/li>\n<li data-section-id=\"cws9w7\" data-start=\"953\" data-end=\"997\">m\u00f6gliche Gebrauchs- oder Transportspuren<\/li>\n<li data-section-id=\"1wt0kkf\" data-start=\"998\" data-end=\"1042\">einige Produkte m\u00fcssen m\u00f6glicherweise aufgefrischt werden<\/li>\n<li data-section-id=\"12wuf8f\" data-start=\"1043\" data-end=\"1108\">oft <strong data-start=\"1052\" data-end=\"1076\">Ersatzverpackung<\/strong> oder keine Originalkartons<\/li>\n<\/ul>\n<h3 data-section-id=\"1fr11xk\" data-start=\"1110\" data-end=\"1133\">Produktkategorie<\/h3>\n<p data-start=\"1135\" data-end=\"1185\">Das Paket umfasst Produkte der Klassen <strong data-start=\"1169\" data-end=\"1184\">A, B und C<\/strong>.<\/p>\n<p data-start=\"1187\" data-end=\"1213\"><strong data-start=\"1187\" data-end=\"1213\">ABC-Kategorie bedeutet:<\/strong><\/p>\n<ul data-start=\"1215\" data-end=\"1375\">\n<li data-section-id=\"jy1850\" data-start=\"1215\" data-end=\"1267\"><strong data-start=\"1217\" data-end=\"1222\">A<\/strong> - Produkte neu oder in sehr gutem Zustand<\/li>\n<li data-section-id=\"12acvr9\" data-start=\"1268\" data-end=\"1306\"><strong data-start=\"1270\" data-end=\"1275\">B<\/strong> - sichtbare Gebrauchsspuren<\/li>\n<li data-section-id=\"f6o0v1\" data-start=\"1307\" data-end=\"1375\"><strong data-start=\"1309\" data-end=\"1314\">C<\/strong> - Produkte, die gereinigt, repariert oder aufgefrischt werden m\u00fcssen<\/li>\n<\/ul>\n<h3 data-section-id=\"wiflis\" data-start=\"1377\" data-end=\"1397\">Inklusive Marken<\/h3>\n<p data-start=\"1399\" data-end=\"1490\">Das Paket umfasst Marken, die auf g\u00e4ngigen E-Commerce-Verkaufsplattformen erh\u00e4ltlich sind.<\/p>\n<h3 data-section-id=\"lnjmld\" data-start=\"1531\" data-end=\"1567\">Warum dieses Paket w\u00e4hlen<\/h3>\n<p data-start=\"1569\" data-end=\"1838\">\u2714 sehr attraktiver Anschaffungspreis<br data-start=\"1600\" data-end=\"1603\" \/>\u2714 hohes Potenzial f\u00fcr hohe Gewinnspannen<br data-start=\"1634\" data-end=\"1637\" \/>\u2714 ideal f\u00fcr diejenigen, die Auswahl und Reinigung \u201eumarmen\u201d<br data-start=\"1694\" data-end=\"1697\" \/>\u2714 M\u00f6glichkeit, einzelne Paare mit einem gro\u00dfen Treffer zu verkaufen<br data-start=\"1754\" data-end=\"1757\" \/>\u2714 ein tolles Produkt, um den Markt zu testen<br data-start=\"1794\" data-end=\"1797\" \/>\u2714 das \u00c4quivalent zu den beliebten \u201eSchuhen in einer Verpackung\u201d<\/p>\n<h3 data-section-id=\"13xx986\" data-start=\"1840\" data-end=\"1868\">F\u00fcr wen ist dieses Paket gedacht?<\/h3>\n<ul data-start=\"1870\" data-end=\"2102\">\n<li data-section-id=\"dt02lc\" data-start=\"1870\" data-end=\"1908\">Verk\u00e4ufer auf Allegro, OLX, Vinted<\/li>\n<li data-section-id=\"1da3gjb\" data-start=\"1909\" data-end=\"1959\">Second-Hand- und Outlet-Schuhh\u00e4ndler<\/li>\n<li data-section-id=\"q1x7k4\" data-start=\"1960\" data-end=\"2009\">Einzelh\u00e4ndler, die einen kosteng\u00fcnstigen Einstieg in das Gesch\u00e4ft suchen<\/li>\n<li data-section-id=\"1dwyd8o\" data-start=\"2010\" data-end=\"2054\">die auf die Maximierung der Gewinnspanne ausgerichtet sind<\/li>\n<li data-section-id=\"1sffxid\" data-start=\"2055\" data-end=\"2102\">Verkaufspersonal mit Erfahrung in der Warenauswahl<\/li>\n<\/ul>\n<p data-start=\"2104\" data-end=\"2241\">Die Schuhverpackung in den Kartons ist <strong data-start=\"2133\" data-end=\"2240\">ideale Option f\u00fcr Verk\u00e4ufer, die billig kaufen, etwas Arbeit investieren und mit hohem Gewinn verkaufen wollen<\/strong>.<\/p>\n<p>&nbsp;<\/p>","protected":false},"excerpt":{"rendered":"<p>Schuhkarton - Gro\u00dfhandels-ABC-Mix f\u00fcr den Wiederverkauf<\/p>","protected":false},"featured_media":68821,"template":"","meta":{"_acf_changed":false},"product_brand":[],"product_cat":[538,503],"product_tag":[],"class_list":{"0":"post-69027","1":"product","2":"type-product","3":"status-publish","4":"has-post-thumbnail","6":"product_cat-wszystkie","7":"product_cat-obuwie","9":"first","10":"instock","11":"taxable","12":"shipping-taxable","13":"purchasable","14":"product-type-simple"},"acf":[],"_links":{"self":[{"href":"https:\/\/kopartners.pl\/de\/wp-json\/wp\/v2\/product\/69027","targetHints":{"allow":["GET"]}}],"collection":[{"href":"https:\/\/kopartners.pl\/de\/wp-json\/wp\/v2\/product"}],"about":[{"href":"https:\/\/kopartners.pl\/de\/wp-json\/wp\/v2\/types\/product"}],"version-history":[{"count":3,"href":"https:\/\/kopartners.pl\/de\/wp-json\/wp\/v2\/product\/69027\/revisions"}],"predecessor-version":[{"id":69343,"href":"https:\/\/kopartners.pl\/de\/wp-json\/wp\/v2\/product\/69027\/revisions\/69343"}],"wp:featuredmedia":[{"embeddable":true,"href":"https:\/\/kopartners.pl\/de\/wp-json\/wp\/v2\/media\/68821"}],"wp:attachment":[{"href":"https:\/\/kopartners.pl\/de\/wp-json\/wp\/v2\/media?parent=69027"}],"wp:term":[{"taxonomy":"product_brand","embeddable":true,"href":"https:\/\/kopartners.pl\/de\/wp-json\/wp\/v2\/product_brand?post=69027"},{"taxonomy":"product_cat","embeddable":true,"href":"https:\/\/kopartners.pl\/de\/wp-json\/wp\/v2\/product_cat?post=69027"},{"taxonomy":"product_tag","embeddable":true,"href":"https:\/\/kopartners.pl\/de\/wp-json\/wp\/v2\/product_tag?post=69027"}],"curies":[{"name":"wp","href":"https:\/\/api.w.org\/{rel}","templated":true}]}}