{"id":69025,"date":"2026-02-24T11:14:16","date_gmt":"2026-02-24T10:14:16","guid":{"rendered":"https:\/\/kopartners.pl\/?post_type=product&#038;p=69025"},"modified":"2026-03-27T12:36:02","modified_gmt":"2026-03-27T11:36:02","slug":"pakiet-obuwia-abc-kopia-v2","status":"publish","type":"product","link":"https:\/\/kopartners.pl\/de\/produkt\/pakiet-obuwia-abc-kopia-v2\/","title":{"rendered":"Schuhwerk-Paket - ABC"},"content":{"rendered":"<h3 data-section-id=\"eacgrf\" data-start=\"609\" data-end=\"630\">Was das Paket enth\u00e4lt<\/h3>\n<p data-start=\"632\" data-end=\"685\">Das Paket enth\u00e4lt einen Mix aus Schuhen in verschiedenen Varianten, wie zum Beispiel:<\/p>\n<ul data-start=\"687\" data-end=\"787\">\n<li data-section-id=\"1xjf9fg\" data-start=\"687\" data-end=\"706\">\n<p data-start=\"689\" data-end=\"706\">Sportschuhe<\/p>\n<\/li>\n<li data-section-id=\"1e7z9w0\" data-start=\"707\" data-end=\"727\">\n<p data-start=\"709\" data-end=\"727\">Freizeitschuhe<\/p>\n<\/li>\n<li data-section-id=\"14bjl0b\" data-start=\"728\" data-end=\"747\">\n<p data-start=\"730\" data-end=\"747\">saisonales Schuhwerk<\/p>\n<\/li>\n<li data-section-id=\"1h0lqj3\" data-start=\"748\" data-end=\"787\">\n<p data-start=\"750\" data-end=\"787\">andere Modelle vorbehaltlich der Lieferung<\/p>\n<\/li>\n<\/ul>\n<p data-start=\"789\" data-end=\"851\">Die Produkte stammen aus dem Absatzmarkt und aus R\u00fccksendungen der Verbraucher.<\/p>\n<h3 data-section-id=\"wiflis\" data-start=\"853\" data-end=\"873\">Inklusive Marken<\/h3>\n<p data-start=\"875\" data-end=\"966\">Das Paket umfasst Marken, die auf g\u00e4ngigen E-Commerce-Verkaufsplattformen erh\u00e4ltlich sind.<\/p>\n<h3 data-section-id=\"1fr11xk\" data-start=\"1007\" data-end=\"1030\">Produktkategorie<\/h3>\n<p data-start=\"1032\" data-end=\"1082\">Das Paket umfasst Produkte der Klassen <strong data-start=\"1066\" data-end=\"1081\">A, B und C<\/strong>.<\/p>\n<p data-start=\"1084\" data-end=\"1110\"><strong data-start=\"1084\" data-end=\"1110\">ABC-Kategorie bedeutet:<\/strong><\/p>\n<ul data-start=\"1112\" data-end=\"1266\">\n<li data-section-id=\"jy1850\" data-start=\"1112\" data-end=\"1164\">\n<p data-start=\"1114\" data-end=\"1164\"><strong data-start=\"1114\" data-end=\"1119\">A<\/strong> - Produkte neu oder in sehr gutem Zustand<\/p>\n<\/li>\n<li data-section-id=\"16o11qj\" data-start=\"1165\" data-end=\"1202\">\n<p data-start=\"1167\" data-end=\"1202\"><strong data-start=\"1167\" data-end=\"1172\">B<\/strong> - m\u00f6gliche Gebrauchsspuren<\/p>\n<\/li>\n<li data-section-id=\"2dj920\" data-start=\"1203\" data-end=\"1266\">\n<p data-start=\"1205\" data-end=\"1266\"><strong data-start=\"1205\" data-end=\"1210\">C<\/strong> - Produkte, die eine Auffrischung oder kleinere Reparaturen ben\u00f6tigen<\/p>\n<\/li>\n<\/ul>\n<p data-start=\"1268\" data-end=\"1356\">Eine solche Differenzierung erm\u00f6glicht es, in mehreren Preissegmenten gleichzeitig zu verkaufen.<\/p>\n<h3 data-section-id=\"ynhloe\" data-start=\"1358\" data-end=\"1378\">Paket-Varianten<\/h3>\n<p data-start=\"1380\" data-end=\"1405\">Es sind zwei Varianten verf\u00fcgbar:<\/p>\n<p data-start=\"1407\" data-end=\"1441\"><strong data-start=\"1407\" data-end=\"1421\">ABC-Paket<\/strong><br data-start=\"1421\" data-end=\"1424\" \/><strong data-start=\"1424\" data-end=\"1441\">ABC-Paket v2<\/strong><\/p>\n<p data-start=\"1443\" data-end=\"1596\">Die Pakete unterscheiden sich <strong data-start=\"1462\" data-end=\"1484\">der Ursprung der Steigung<\/strong>, was eine andere Struktur der Marken in der Menge bedeutet.<br data-start=\"1529\" data-end=\"1532\" \/>Aus diesem Grund kann es zu Preisunterschieden zwischen den Varianten kommen.<\/p>\n<h3 data-section-id=\"lnjmld\" data-start=\"1598\" data-end=\"1634\">Warum dieses Paket w\u00e4hlen<\/h3>\n<p data-start=\"1636\" data-end=\"1959\">\u2714 breiter Produktmix - erh\u00f6hte Absatzchancen<br data-start=\"1690\" data-end=\"1693\" \/>\u2714 verschiedene Qualit\u00e4tsklassen = flexible Preisgestaltung<br data-start=\"1743\" data-end=\"1746\" \/>\u2714 ideal f\u00fcr den Verkauf einzelner Paare mit hoher Gewinnspanne<br data-start=\"1800\" data-end=\"1803\" \/>\u2714 eine beliebte und st\u00e4ndig wechselnde Kategorie<br data-start=\"1841\" data-end=\"1844\" \/>\u2714 die M\u00f6glichkeit, verschiedene Marktsegmente zu testen<br data-start=\"1890\" data-end=\"1893\" \/>\u2714 Attraktives Produkt f\u00fcr Anf\u00e4nger und fortgeschrittene H\u00e4ndler<\/p>\n<h3 data-section-id=\"13xx986\" data-start=\"1961\" data-end=\"1989\">F\u00fcr wen ist dieses Paket gedacht?<\/h3>\n<ul data-start=\"1991\" data-end=\"2141\">\n<li data-section-id=\"p2mig0\" data-start=\"1991\" data-end=\"2029\">\n<p data-start=\"1993\" data-end=\"2029\">Verk\u00e4ufer auf Allegro, Vinted, OLX<\/p>\n<\/li>\n<li data-section-id=\"1fmpn86\" data-start=\"2030\" data-end=\"2052\">\n<p data-start=\"2032\" data-end=\"2052\">Webshops<\/p>\n<\/li>\n<li data-section-id=\"1api23t\" data-start=\"2053\" data-end=\"2074\">\n<p data-start=\"2055\" data-end=\"2074\">Schuhh\u00e4ndler<\/p>\n<\/li>\n<li data-section-id=\"zheg01\" data-start=\"2075\" data-end=\"2101\">\n<p data-start=\"2077\" data-end=\"2101\">Verkaufsstellen und Second-Hand-L\u00e4den<\/p>\n<\/li>\n<li data-section-id=\"x5izx5\" data-start=\"2102\" data-end=\"2141\">\n<p data-start=\"2104\" data-end=\"2141\">die Entwicklung des E-Commerce-Verkaufs<\/p>\n<\/li>\n<\/ul>\n<p data-start=\"2143\" data-end=\"2295\">Das ABC-Schuhpaket ist <strong data-start=\"2164\" data-end=\"2294\">eine vielseitige L\u00f6sung f\u00fcr Einzelh\u00e4ndler, die ihre Ums\u00e4tze steigern und ihre Gewinne durch ein vielf\u00e4ltiges Produktsortiment maximieren wollen<\/strong>.<\/p>","protected":false},"excerpt":{"rendered":"<h3 data-section-id=\"16rvi6t\" data-start=\"212\" data-end=\"270\">Ein vielf\u00e4ltiger Mix von Schuhen mit hohem Umsatzpotenzial<\/h3>\n<p data-start=\"272\" data-end=\"459\">Klassenzimmer-Schuhwerk-Paket <strong data-start=\"296\" data-end=\"308\">A, B und C<\/strong> ist ein umfassendes Angebot f\u00fcr Einzelh\u00e4ndler, die ein breit gef\u00e4chertes Angebot aufbauen und ihre Gewinne durch den Verkauf in verschiedenen Preisklassen maximieren wollen.<\/p>\n<p data-start=\"461\" data-end=\"607\">","protected":false},"featured_media":69271,"template":"","meta":{"_acf_changed":false},"product_brand":[],"product_cat":[538,503],"product_tag":[564],"class_list":{"0":"post-69025","1":"product","2":"type-product","3":"status-publish","4":"has-post-thumbnail","6":"product_cat-wszystkie","7":"product_cat-obuwie","8":"product_tag-paleta","10":"first","11":"outofstock","12":"taxable","13":"shipping-taxable","14":"purchasable","15":"product-type-simple"},"acf":[],"_links":{"self":[{"href":"https:\/\/kopartners.pl\/de\/wp-json\/wp\/v2\/product\/69025","targetHints":{"allow":["GET"]}}],"collection":[{"href":"https:\/\/kopartners.pl\/de\/wp-json\/wp\/v2\/product"}],"about":[{"href":"https:\/\/kopartners.pl\/de\/wp-json\/wp\/v2\/types\/product"}],"version-history":[{"count":7,"href":"https:\/\/kopartners.pl\/de\/wp-json\/wp\/v2\/product\/69025\/revisions"}],"predecessor-version":[{"id":69344,"href":"https:\/\/kopartners.pl\/de\/wp-json\/wp\/v2\/product\/69025\/revisions\/69344"}],"wp:featuredmedia":[{"embeddable":true,"href":"https:\/\/kopartners.pl\/de\/wp-json\/wp\/v2\/media\/69271"}],"wp:attachment":[{"href":"https:\/\/kopartners.pl\/de\/wp-json\/wp\/v2\/media?parent=69025"}],"wp:term":[{"taxonomy":"product_brand","embeddable":true,"href":"https:\/\/kopartners.pl\/de\/wp-json\/wp\/v2\/product_brand?post=69025"},{"taxonomy":"product_cat","embeddable":true,"href":"https:\/\/kopartners.pl\/de\/wp-json\/wp\/v2\/product_cat?post=69025"},{"taxonomy":"product_tag","embeddable":true,"href":"https:\/\/kopartners.pl\/de\/wp-json\/wp\/v2\/product_tag?post=69025"}],"curies":[{"name":"wp","href":"https:\/\/api.w.org\/{rel}","templated":true}]}}