{"id":69018,"date":"2026-02-24T11:11:42","date_gmt":"2026-02-24T10:11:42","guid":{"rendered":"https:\/\/kopartners.pl\/?post_type=product&#038;p=69018"},"modified":"2026-03-06T09:06:03","modified_gmt":"2026-03-06T08:06:03","slug":"palety-drobnica","status":"publish","type":"product","link":"https:\/\/kopartners.pl\/de\/produkt\/palety-drobnica\/","title":{"rendered":"Palettenmix - Kleidung, Schuhe, Spielzeug, Heim"},"content":{"rendered":"<h3 data-start=\"297\" data-end=\"320\">Palettenspezifikation<\/h3>\n<p data-start=\"322\" data-end=\"398\">Die Palette enth\u00e4lt ca. <strong data-start=\"343\" data-end=\"385\">130 Produkte der Klassen A, B und C<\/strong> Aus der Kategorie:<\/p>\n<ul data-start=\"400\" data-end=\"633\">\n<li data-start=\"400\" data-end=\"410\">\n<p data-start=\"402\" data-end=\"410\">Kleidung<\/p>\n<\/li>\n<li data-start=\"411\" data-end=\"421\">\n<p data-start=\"413\" data-end=\"421\">Schuhe<\/p>\n<\/li>\n<li data-start=\"422\" data-end=\"439\">\n<p data-start=\"424\" data-end=\"439\">Artikel Startseite<\/p>\n<\/li>\n<li data-start=\"440\" data-end=\"451\">\n<p data-start=\"442\" data-end=\"451\">Spielzeug<\/p>\n<\/li>\n<li data-start=\"453\" data-end=\"496\">\n<p data-start=\"455\" data-end=\"496\"><strong data-start=\"455\" data-end=\"460\">A<\/strong> - neue, qualitativ hochwertige Produkte<\/p>\n<\/li>\n<li data-start=\"497\" data-end=\"565\">\n<p data-start=\"499\" data-end=\"565\"><strong data-start=\"499\" data-end=\"504\">B<\/strong> - Modelle mit R\u00fccksendungen oder leichten Gebrauchsspuren<\/p>\n<\/li>\n<li data-start=\"566\" data-end=\"633\">\n<p data-start=\"568\" data-end=\"633\"><strong data-start=\"568\" data-end=\"573\">C<\/strong> - Produkte mit offensichtlichen M\u00e4ngeln oder kontrollbed\u00fcrftig<\/p>\n<\/li>\n<\/ul>\n<p data-start=\"635\" data-end=\"701\">Das Sortiment ist eine nat\u00fcrliche Mischung aus Kategorien, Modellen und Gr\u00f6\u00dfen.<\/p>\n<p data-start=\"703\" data-end=\"772\">Die Produktstruktur kann je nach der aktuellen Charge variieren.<\/p>\n<h3 data-start=\"774\" data-end=\"798\">Zus\u00e4tzliche Informationen<\/h3>\n<p data-start=\"800\" data-end=\"947\">Wir ver\u00f6ffentlichen detaillierte Spezifikationen, Fotos und Verf\u00fcgbarkeit auf unserem Telegram-Kanal.<br data-start=\"888\" data-end=\"891\" \/>F\u00fcr ein aktuelles Angebot bitten wir Sie, mit uns Kontakt aufzunehmen.<\/p>","protected":false},"excerpt":{"rendered":"<p><strong data-start=\"107\" data-end=\"169\">ABC MIX Palette - Kleidung, Schuhe, Haushalt und Spielzeug - 130 Artikel.<\/strong><br data-start=\"169\" data-end=\"172\" \/>Gro\u00dfhandelspalette mit Erzeugnissen der Klassen A, B und C f\u00fcr den Wiederverkauf.<\/p>","protected":false},"featured_media":69258,"template":"","meta":{"_acf_changed":false},"product_brand":[],"product_cat":[538,506],"product_tag":[564],"class_list":{"0":"post-69018","1":"product","2":"type-product","3":"status-publish","4":"has-post-thumbnail","6":"product_cat-wszystkie","7":"product_cat-palety-mix","8":"product_tag-paleta","10":"first","11":"instock","12":"taxable","13":"shipping-taxable","14":"purchasable","15":"product-type-simple"},"acf":[],"_links":{"self":[{"href":"https:\/\/kopartners.pl\/de\/wp-json\/wp\/v2\/product\/69018","targetHints":{"allow":["GET"]}}],"collection":[{"href":"https:\/\/kopartners.pl\/de\/wp-json\/wp\/v2\/product"}],"about":[{"href":"https:\/\/kopartners.pl\/de\/wp-json\/wp\/v2\/types\/product"}],"version-history":[{"count":5,"href":"https:\/\/kopartners.pl\/de\/wp-json\/wp\/v2\/product\/69018\/revisions"}],"predecessor-version":[{"id":69140,"href":"https:\/\/kopartners.pl\/de\/wp-json\/wp\/v2\/product\/69018\/revisions\/69140"}],"wp:featuredmedia":[{"embeddable":true,"href":"https:\/\/kopartners.pl\/de\/wp-json\/wp\/v2\/media\/69258"}],"wp:attachment":[{"href":"https:\/\/kopartners.pl\/de\/wp-json\/wp\/v2\/media?parent=69018"}],"wp:term":[{"taxonomy":"product_brand","embeddable":true,"href":"https:\/\/kopartners.pl\/de\/wp-json\/wp\/v2\/product_brand?post=69018"},{"taxonomy":"product_cat","embeddable":true,"href":"https:\/\/kopartners.pl\/de\/wp-json\/wp\/v2\/product_cat?post=69018"},{"taxonomy":"product_tag","embeddable":true,"href":"https:\/\/kopartners.pl\/de\/wp-json\/wp\/v2\/product_tag?post=69018"}],"curies":[{"name":"wp","href":"https:\/\/api.w.org\/{rel}","templated":true}]}}