{"id":69012,"date":"2026-02-24T09:57:33","date_gmt":"2026-02-24T08:57:33","guid":{"rendered":"https:\/\/kopartners.pl\/?post_type=product&#038;p=69012"},"modified":"2026-03-06T09:04:10","modified_gmt":"2026-03-06T08:04:10","slug":"palety-klarestien","status":"publish","type":"product","link":"https:\/\/kopartners.pl\/de\/produkt\/palety-klarestien\/","title":{"rendered":"Klarestien-Palette"},"content":{"rendered":"<h3 data-start=\"452\" data-end=\"475\">Palettenspezifikation<\/h3>\n<p data-start=\"477\" data-end=\"527\">Die Palette umfasst Klarstein-Produkte in Klassen:<\/p>\n<ul data-start=\"529\" data-end=\"709\">\n<li data-start=\"529\" data-end=\"572\">\n<p data-start=\"531\" data-end=\"572\"><strong data-start=\"531\" data-end=\"536\">A<\/strong> - neue, qualitativ hochwertige Produkte<\/p>\n<\/li>\n<li data-start=\"573\" data-end=\"641\">\n<p data-start=\"575\" data-end=\"641\"><strong data-start=\"575\" data-end=\"580\">B<\/strong> - Modelle mit R\u00fccksendungen oder leichten Gebrauchsspuren<\/p>\n<\/li>\n<li data-start=\"642\" data-end=\"709\">\n<p data-start=\"644\" data-end=\"709\"><strong data-start=\"644\" data-end=\"649\">C<\/strong> - Produkte mit offensichtlichen M\u00e4ngeln oder kontrollbed\u00fcrftig<\/p>\n<\/li>\n<\/ul>\n<p data-start=\"711\" data-end=\"795\">Das Angebot kann je nach Stromangebot verschiedene Kategorien von Ger\u00e4ten umfassen.<\/p>\n<h3 data-start=\"797\" data-end=\"821\">Zus\u00e4tzliche Informationen<\/h3>\n<p data-start=\"823\" data-end=\"990\">Detaillierte Spezifikationen der aktuellen Paletten, Fotos und Verf\u00fcgbarkeit werden auf unserem Telegram-Kanal ver\u00f6ffentlicht.<br data-start=\"931\" data-end=\"934\" \/>F\u00fcr ein aktuelles Angebot bitten wir Sie, mit uns Kontakt aufzunehmen.<\/p>","protected":false},"excerpt":{"rendered":"<p><strong data-start=\"155\" data-end=\"192\">Klarstein Haushaltsger\u00e4te - ABC-Klasse.<\/strong><br data-start=\"192\" data-end=\"195\" \/>Gro\u00dfhandelspalette mit wei\u00dfer Ware von Klarstein in den Klassen A, B und C. Waren f\u00fcr den Wiederverkauf.<\/p>","protected":false},"featured_media":69194,"template":"","meta":{"_acf_changed":false},"product_brand":[],"product_cat":[538,506],"product_tag":[564],"class_list":{"0":"post-69012","1":"product","2":"type-product","3":"status-publish","4":"has-post-thumbnail","6":"product_cat-wszystkie","7":"product_cat-palety-mix","8":"product_tag-paleta","10":"first","11":"instock","12":"taxable","13":"shipping-taxable","14":"purchasable","15":"product-type-simple"},"acf":[],"_links":{"self":[{"href":"https:\/\/kopartners.pl\/de\/wp-json\/wp\/v2\/product\/69012","targetHints":{"allow":["GET"]}}],"collection":[{"href":"https:\/\/kopartners.pl\/de\/wp-json\/wp\/v2\/product"}],"about":[{"href":"https:\/\/kopartners.pl\/de\/wp-json\/wp\/v2\/types\/product"}],"version-history":[{"count":5,"href":"https:\/\/kopartners.pl\/de\/wp-json\/wp\/v2\/product\/69012\/revisions"}],"predecessor-version":[{"id":69158,"href":"https:\/\/kopartners.pl\/de\/wp-json\/wp\/v2\/product\/69012\/revisions\/69158"}],"wp:featuredmedia":[{"embeddable":true,"href":"https:\/\/kopartners.pl\/de\/wp-json\/wp\/v2\/media\/69194"}],"wp:attachment":[{"href":"https:\/\/kopartners.pl\/de\/wp-json\/wp\/v2\/media?parent=69012"}],"wp:term":[{"taxonomy":"product_brand","embeddable":true,"href":"https:\/\/kopartners.pl\/de\/wp-json\/wp\/v2\/product_brand?post=69012"},{"taxonomy":"product_cat","embeddable":true,"href":"https:\/\/kopartners.pl\/de\/wp-json\/wp\/v2\/product_cat?post=69012"},{"taxonomy":"product_tag","embeddable":true,"href":"https:\/\/kopartners.pl\/de\/wp-json\/wp\/v2\/product_tag?post=69012"}],"curies":[{"name":"wp","href":"https:\/\/api.w.org\/{rel}","templated":true}]}}