{"id":69009,"date":"2026-02-24T09:53:49","date_gmt":"2026-02-24T08:53:49","guid":{"rendered":"https:\/\/kopartners.pl\/?post_type=product&#038;p=69009"},"modified":"2026-03-23T12:44:56","modified_gmt":"2026-03-23T11:44:56","slug":"akcesoria-torebki","status":"publish","type":"product","link":"https:\/\/kopartners.pl\/de\/produkt\/akcesoria-torebki\/","title":{"rendered":"Zubeh\u00f6r f\u00fcr Handtaschen"},"content":{"rendered":"<h3 data-section-id=\"1r6cy31\" data-start=\"221\" data-end=\"278\">Verkaufsfertige Markenhandtaschen - Premiumsegment<\/h3>\n<p data-start=\"280\" data-end=\"510\">Paket mit Handtaschen von bekannten Marken der Klasse <strong data-start=\"318\" data-end=\"323\">A<\/strong> ist eine gro\u00dfartige Option f\u00fcr Einzelh\u00e4ndler, die ihren Kunden hochwertige Produkte anbieten m\u00f6chten. Es handelt sich um ein vorgefertigtes Set aus 10 Markentaschen und Accessoires, ideal f\u00fcr den Wiederverkauf.<\/p>\n<p data-start=\"512\" data-end=\"639\">Die geb\u00fcndelten Produkte sind neu und zum vollen Preis, so dass Sie sie ohne zus\u00e4tzliche Auswahl sofort zum Verkauf anbieten k\u00f6nnen.<\/p>\n<h3 data-section-id=\"eacgrf\" data-start=\"641\" data-end=\"662\">Was das Paket enth\u00e4lt<\/h3>\n<p data-start=\"664\" data-end=\"680\">Das Paket enth\u00e4lt:<\/p>\n<ul data-start=\"682\" data-end=\"799\">\n<li data-section-id=\"ikvn1v\" data-start=\"682\" data-end=\"725\">10 Markentaschen und Accessoires<\/li>\n<li data-section-id=\"15epyvl\" data-start=\"726\" data-end=\"751\">verschiedene Modelle und Stile<\/li>\n<li data-section-id=\"nr9m24\" data-start=\"752\" data-end=\"799\">Stilmix (l\u00e4ssig, elegant, modisch)<\/li>\n<\/ul>\n<p data-start=\"801\" data-end=\"879\">Das Set hat eine <strong data-start=\"821\" data-end=\"829\">mischen<\/strong>, wodurch das Angebot auf verschiedene Kunden zugeschnitten werden kann.<\/p>\n<h3 data-section-id=\"wiflis\" data-start=\"881\" data-end=\"901\">Inklusive Marken<\/h3>\n<p data-start=\"903\" data-end=\"953\">Das Paket enth\u00e4lt Produkte von Marken wie:<\/p>\n<ul data-start=\"955\" data-end=\"1047\">\n<li data-section-id=\"1jm3atm\" data-start=\"955\" data-end=\"972\">Liebe Moschino<\/li>\n<li data-section-id=\"1n7hxqe\" data-start=\"973\" data-end=\"989\">Cerruti 1881<\/li>\n<li data-section-id=\"zpqko2\" data-start=\"990\" data-end=\"1010\">TOY G (ex PINKO)<\/li>\n<li data-section-id=\"1cp0k4e\" data-start=\"1011\" data-end=\"1027\">KTG von Kenzo<\/li>\n<li data-section-id=\"2xf54o\" data-start=\"1028\" data-end=\"1047\">Mariella Burani<\/li>\n<\/ul>\n<p data-start=\"1049\" data-end=\"1152\">Es handelt sich um Marken, die auf dem europ\u00e4ischen Markt anerkannt sind, was die Attraktivit\u00e4t des Angebots erh\u00f6ht und den Verkauf erleichtert.<\/p>\n<h3 data-section-id=\"1fr11xk\" data-start=\"1154\" data-end=\"1177\">Produktkategorie<\/h3>\n<p data-start=\"1179\" data-end=\"1230\">Die Produkte in dem Paket geh\u00f6ren zu der Kategorie <strong data-start=\"1224\" data-end=\"1229\">A<\/strong>.<\/p>\n<p data-start=\"1232\" data-end=\"1256\"><strong data-start=\"1232\" data-end=\"1256\">Kategorie A bedeutet:<\/strong><\/p>\n<ul data-start=\"1258\" data-end=\"1344\">\n<li data-section-id=\"10w8141\" data-start=\"1258\" data-end=\"1275\">neue Produkte<\/li>\n<li data-section-id=\"3vkvgt\" data-start=\"1276\" data-end=\"1296\">vollwertiges<\/li>\n<li data-section-id=\"ppjf6b\" data-start=\"1297\" data-end=\"1323\">keine Gebrauchsspuren<\/li>\n<li data-section-id=\"pwjnzc\" data-start=\"1324\" data-end=\"1344\">oft mit Tags<\/li>\n<\/ul>\n<h3 data-section-id=\"lnjmld\" data-start=\"1346\" data-end=\"1382\">Warum dieses Paket w\u00e4hlen<\/h3>\n<p data-start=\"1384\" data-end=\"1646\">\u2714 Premiumsegment - h\u00f6here Verkaufspreise<br data-start=\"1425\" data-end=\"1428\" \/>\u2714 bekannte Marken, die Kunden anziehen<br data-start=\"1464\" data-end=\"1467\" \/>\u2714 Produkte, die sofort verkauft werden k\u00f6nnen<br data-start=\"1513\" data-end=\"1516\" \/>\u2714 keine Auswahl notwendig<br data-start=\"1544\" data-end=\"1547\" \/>\u2714 ideales Verh\u00e4ltnis zwischen Kaufpreis und m\u00f6glicher Gewinnspanne<br data-start=\"1599\" data-end=\"1602\" \/>\u2714 gro\u00dfartiges Produkt f\u00fcr die Imagebildung des Gesch\u00e4fts<\/p>\n<h3 data-section-id=\"6j0493\" data-start=\"1648\" data-end=\"1667\">Zus\u00e4tzliche Verm\u00f6genswerte<\/h3>\n<p data-start=\"1669\" data-end=\"1770\">\u2714 schneller Versand<br data-start=\"1685\" data-end=\"1688\" \/>\u2714 begrenzte Verf\u00fcgbarkeit von Paketen<br data-start=\"1721\" data-end=\"1724\" \/>\u2714 Waren, die ideal f\u00fcr den Online- und Boutique-Verkauf sind<\/p>\n<h3 data-section-id=\"13xx986\" data-start=\"1772\" data-end=\"1800\">F\u00fcr wen ist dieses Paket gedacht?<\/h3>\n<ul data-start=\"1802\" data-end=\"1997\">\n<li data-section-id=\"c8g110\" data-start=\"1802\" data-end=\"1839\">Online-Shops f\u00fcr hochwertige Mode<\/li>\n<li data-section-id=\"smxfbb\" data-start=\"1840\" data-end=\"1871\">Boutiquen und Schreibwarengesch\u00e4fte<\/li>\n<li data-section-id=\"p2mig0\" data-start=\"1872\" data-end=\"1910\">Verk\u00e4ufer auf Allegro, Vinted, OLX<\/li>\n<li data-section-id=\"103iq5o\" data-start=\"1911\" data-end=\"1957\">die eine Reihe von Markenzubeh\u00f6r herstellen<\/li>\n<li data-section-id=\"xl058x\" data-start=\"1958\" data-end=\"1997\">Einzelh\u00e4ndler mit h\u00f6heren Gewinnspannen<\/li>\n<\/ul>\n<p data-start=\"1999\" data-end=\"2159\">Das Paket mit Handtaschen von bekannten Marken umfasst <strong data-start=\"2031\" data-end=\"2158\">ein fertiges Verkaufsprodukt, mit dem Sie schnell Markenzubeh\u00f6r einf\u00fchren und den Wert des Warenkorbs Ihrer Kunden erh\u00f6hen k\u00f6nnen<\/strong>.<\/p>","protected":false},"excerpt":{"rendered":"<p><strong data-start=\"255\" data-end=\"306\">Paket mit Taschen bekannter Marken - G\u00fcteklasse A, 10 St\u00fcck.<\/strong><br data-start=\"306\" data-end=\"309\" \/>Neue, vollpreisige Handtaschen im Markensegment. F\u00fcr den Wiederverkauf bestimmte Verpackung. Schneller Versand.<\/p>","protected":false},"featured_media":69266,"template":"","meta":{"_acf_changed":false},"product_brand":[],"product_cat":[538,505],"product_tag":[],"class_list":{"0":"post-69009","1":"product","2":"type-product","3":"status-publish","4":"has-post-thumbnail","6":"product_cat-wszystkie","7":"product_cat-akcesoria","9":"first","10":"instock","11":"taxable","12":"shipping-taxable","13":"purchasable","14":"product-type-simple"},"acf":[],"_links":{"self":[{"href":"https:\/\/kopartners.pl\/de\/wp-json\/wp\/v2\/product\/69009","targetHints":{"allow":["GET"]}}],"collection":[{"href":"https:\/\/kopartners.pl\/de\/wp-json\/wp\/v2\/product"}],"about":[{"href":"https:\/\/kopartners.pl\/de\/wp-json\/wp\/v2\/types\/product"}],"version-history":[{"count":6,"href":"https:\/\/kopartners.pl\/de\/wp-json\/wp\/v2\/product\/69009\/revisions"}],"predecessor-version":[{"id":69346,"href":"https:\/\/kopartners.pl\/de\/wp-json\/wp\/v2\/product\/69009\/revisions\/69346"}],"wp:featuredmedia":[{"embeddable":true,"href":"https:\/\/kopartners.pl\/de\/wp-json\/wp\/v2\/media\/69266"}],"wp:attachment":[{"href":"https:\/\/kopartners.pl\/de\/wp-json\/wp\/v2\/media?parent=69009"}],"wp:term":[{"taxonomy":"product_brand","embeddable":true,"href":"https:\/\/kopartners.pl\/de\/wp-json\/wp\/v2\/product_brand?post=69009"},{"taxonomy":"product_cat","embeddable":true,"href":"https:\/\/kopartners.pl\/de\/wp-json\/wp\/v2\/product_cat?post=69009"},{"taxonomy":"product_tag","embeddable":true,"href":"https:\/\/kopartners.pl\/de\/wp-json\/wp\/v2\/product_tag?post=69009"}],"curies":[{"name":"wp","href":"https:\/\/api.w.org\/{rel}","templated":true}]}}