{"id":69003,"date":"2026-02-24T09:42:40","date_gmt":"2026-02-24T08:42:40","guid":{"rendered":"https:\/\/kopartners.pl\/?post_type=product&#038;p=69003"},"modified":"2026-03-23T10:39:17","modified_gmt":"2026-03-23T09:39:17","slug":"akcesoria-okulary","status":"publish","type":"product","link":"https:\/\/kopartners.pl\/de\/produkt\/akcesoria-okulary\/","title":{"rendered":"Zubeh\u00f6r f\u00fcr Brillen"},"content":{"rendered":"<p>Zubeh\u00f6r - Brillen<\/p>\n<p>Wenn Sie eine Bestellung aufgeben oder mehr Informationen erhalten m\u00f6chten, klicken Sie bitte auf die Schaltfl\u00e4che <strong>\u201eKontaktieren Sie uns\u201c<\/strong>,unter den Bildern<\/p>","protected":false},"excerpt":{"rendered":"<p>Ich biete <strong>Brille <\/strong>an \u2013 ausschlie\u00dflich <strong>Markenprodukte<\/strong> renommierter Hersteller. Stilvolle und originelle Accessoires, die sich ideal f\u00fcr den Einzelhandel oder als Erg\u00e4nzung Ihres Modesortiments eignen. H\u00f6chste Qualit\u00e4t, modernes Design und bekannte Marken.<\/p>","protected":false},"featured_media":69268,"template":"","meta":{"_acf_changed":false},"product_brand":[],"product_cat":[538,505],"product_tag":[],"class_list":{"0":"post-69003","1":"product","2":"type-product","3":"status-publish","4":"has-post-thumbnail","6":"product_cat-wszystkie","7":"product_cat-akcesoria","9":"first","10":"outofstock","11":"taxable","12":"shipping-taxable","13":"product-type-simple"},"acf":[],"_links":{"self":[{"href":"https:\/\/kopartners.pl\/de\/wp-json\/wp\/v2\/product\/69003","targetHints":{"allow":["GET"]}}],"collection":[{"href":"https:\/\/kopartners.pl\/de\/wp-json\/wp\/v2\/product"}],"about":[{"href":"https:\/\/kopartners.pl\/de\/wp-json\/wp\/v2\/types\/product"}],"version-history":[{"count":2,"href":"https:\/\/kopartners.pl\/de\/wp-json\/wp\/v2\/product\/69003\/revisions"}],"predecessor-version":[{"id":69005,"href":"https:\/\/kopartners.pl\/de\/wp-json\/wp\/v2\/product\/69003\/revisions\/69005"}],"wp:featuredmedia":[{"embeddable":true,"href":"https:\/\/kopartners.pl\/de\/wp-json\/wp\/v2\/media\/69268"}],"wp:attachment":[{"href":"https:\/\/kopartners.pl\/de\/wp-json\/wp\/v2\/media?parent=69003"}],"wp:term":[{"taxonomy":"product_brand","embeddable":true,"href":"https:\/\/kopartners.pl\/de\/wp-json\/wp\/v2\/product_brand?post=69003"},{"taxonomy":"product_cat","embeddable":true,"href":"https:\/\/kopartners.pl\/de\/wp-json\/wp\/v2\/product_cat?post=69003"},{"taxonomy":"product_tag","embeddable":true,"href":"https:\/\/kopartners.pl\/de\/wp-json\/wp\/v2\/product_tag?post=69003"}],"curies":[{"name":"wp","href":"https:\/\/api.w.org\/{rel}","templated":true}]}}