{"id":68551,"date":"2025-06-03T11:00:41","date_gmt":"2025-06-03T09:00:41","guid":{"rendered":"https:\/\/kopartners.pl\/?post_type=product&#038;p=68551"},"modified":"2026-03-03T13:02:08","modified_gmt":"2026-03-03T12:02:08","slug":"paleta-odziezy-premium-abc","status":"publish","type":"product","link":"https:\/\/kopartners.pl\/de\/produkt\/paleta-odziezy-premium-abc\/","title":{"rendered":"PREMIUM ABC-Bekleidungsprogramm"},"content":{"rendered":"<p><strong>Paletten mit neuer Kleidung<\/strong> sorgf\u00e4ltig ausgew\u00e4hlte St\u00fccke, ideal f\u00fcr den Gro\u00dfhandel oder zur Ausstattung Ihres Gesch\u00e4fts. Jede Palette enth\u00e4lt etwa <strong>Jedes Set besteht aus etwa 60 % Premium-Bekleidung<\/strong> (neue, hochwertige Markenkleidung) und <strong>ca. 40 % hochwertiger skandinavischer Kleidung<\/strong>,die f\u00fcr ihren Stil und ihre solide Verarbeitung gesch\u00e4tzt wird.<\/p>\n<p>Das ist die perfekte L\u00f6sung f\u00fcr gr\u00f6\u00dfere Boutiquen, Gro\u00dfh\u00e4ndler und Online-Verk\u00e4ufer. Alle Teile sind neu, modisch und sofort verkaufsbereit. Ein gepflegter, vielf\u00e4ltiger Mix ohne Zufallsartikel \u2013 nur Ware, die sich verkauft.<\/p>\n<p>Wenn Sie eine Bestellung aufgeben oder mehr Informationen erhalten m\u00f6chten, klicken Sie bitte auf die Schaltfl\u00e4che <strong>\u201eKontaktieren Sie uns\u201c<\/strong>unter den Bildern.<\/p>\n<p>&nbsp;<\/p>","protected":false},"excerpt":{"rendered":"<p><strong>Neue Premium-Bekleidung <\/strong><\/p>\n<p><strong>Palette mit neuer Kleidung \u2013 ca. 400 St\u00fcck. <\/strong>60 % Premium-Bekleidung + 40 % skandinavischer Stil. Neue, modische Kleidung in hervorragender Qualit\u00e4t \u2013 ideal f\u00fcr den Weiterverkauf!<\/p>","protected":false},"featured_media":69261,"template":"","meta":{"_acf_changed":false},"product_brand":[],"product_cat":[538,504],"product_tag":[],"class_list":{"0":"post-68551","1":"product","2":"type-product","3":"status-publish","4":"has-post-thumbnail","6":"product_cat-wszystkie","7":"product_cat-odziez","9":"first","10":"instock","11":"taxable","12":"shipping-taxable","13":"purchasable","14":"product-type-simple"},"acf":[],"_links":{"self":[{"href":"https:\/\/kopartners.pl\/de\/wp-json\/wp\/v2\/product\/68551","targetHints":{"allow":["GET"]}}],"collection":[{"href":"https:\/\/kopartners.pl\/de\/wp-json\/wp\/v2\/product"}],"about":[{"href":"https:\/\/kopartners.pl\/de\/wp-json\/wp\/v2\/types\/product"}],"version-history":[{"count":3,"href":"https:\/\/kopartners.pl\/de\/wp-json\/wp\/v2\/product\/68551\/revisions"}],"predecessor-version":[{"id":69032,"href":"https:\/\/kopartners.pl\/de\/wp-json\/wp\/v2\/product\/68551\/revisions\/69032"}],"wp:featuredmedia":[{"embeddable":true,"href":"https:\/\/kopartners.pl\/de\/wp-json\/wp\/v2\/media\/69261"}],"wp:attachment":[{"href":"https:\/\/kopartners.pl\/de\/wp-json\/wp\/v2\/media?parent=68551"}],"wp:term":[{"taxonomy":"product_brand","embeddable":true,"href":"https:\/\/kopartners.pl\/de\/wp-json\/wp\/v2\/product_brand?post=68551"},{"taxonomy":"product_cat","embeddable":true,"href":"https:\/\/kopartners.pl\/de\/wp-json\/wp\/v2\/product_cat?post=68551"},{"taxonomy":"product_tag","embeddable":true,"href":"https:\/\/kopartners.pl\/de\/wp-json\/wp\/v2\/product_tag?post=68551"}],"curies":[{"name":"wp","href":"https:\/\/api.w.org\/{rel}","templated":true}]}}