{"id":68363,"date":"2025-05-26T09:31:09","date_gmt":"2025-05-26T07:31:09","guid":{"rendered":"https:\/\/kopartners.pl\/?post_type=product&#038;p=68363"},"modified":"2026-04-22T07:28:54","modified_gmt":"2026-04-22T05:28:54","slug":"bielizna","status":"publish","type":"product","link":"https:\/\/kopartners.pl\/de\/produkt\/bielizna\/","title":{"rendered":"Unterw\u00e4sche von Triumph, Sassa und Sloggi"},"content":{"rendered":"<p>Markenunterw\u00e4sche von bekannten Labels, gesch\u00e4tzt f\u00fcr ihre Qualit\u00e4t, ihren Komfort und ihren eleganten Stil.<\/p>\n<p>Wenn Sie eine Bestellung aufgeben oder mehr Informationen erhalten m\u00f6chten, klicken Sie bitte auf die Schaltfl\u00e4che <strong>\u201eKontaktieren Sie uns\u201c<\/strong>unter den Bildern.<\/p>","protected":false},"excerpt":{"rendered":"<p>Wir bieten neue Markenunterw\u00e4sche von <strong>Triumph, Sassa und Sloggi<\/strong> \u2013 bekannten Marken, die f\u00fcr ihre Qualit\u00e4t, ihren Komfort und ihren eleganten Stil gesch\u00e4tzt werden. Alle Produkte sind fabrikneu, in verschiedenen Gr\u00f6\u00dfen und Modellen erh\u00e4ltlich und somit ideal f\u00fcr den Weiterverkauf im Einzelhandel geeignet.<\/p>","protected":false},"featured_media":69270,"template":"","meta":{"_acf_changed":false},"product_brand":[],"product_cat":[538,557],"product_tag":[],"class_list":{"0":"post-68363","1":"product","2":"type-product","3":"status-publish","4":"has-post-thumbnail","6":"product_cat-wszystkie","7":"product_cat-bielizna","9":"first","10":"outofstock","11":"taxable","12":"shipping-taxable","13":"purchasable","14":"product-type-simple"},"acf":[],"_links":{"self":[{"href":"https:\/\/kopartners.pl\/de\/wp-json\/wp\/v2\/product\/68363","targetHints":{"allow":["GET"]}}],"collection":[{"href":"https:\/\/kopartners.pl\/de\/wp-json\/wp\/v2\/product"}],"about":[{"href":"https:\/\/kopartners.pl\/de\/wp-json\/wp\/v2\/types\/product"}],"version-history":[{"count":6,"href":"https:\/\/kopartners.pl\/de\/wp-json\/wp\/v2\/product\/68363\/revisions"}],"predecessor-version":[{"id":69288,"href":"https:\/\/kopartners.pl\/de\/wp-json\/wp\/v2\/product\/68363\/revisions\/69288"}],"wp:featuredmedia":[{"embeddable":true,"href":"https:\/\/kopartners.pl\/de\/wp-json\/wp\/v2\/media\/69270"}],"wp:attachment":[{"href":"https:\/\/kopartners.pl\/de\/wp-json\/wp\/v2\/media?parent=68363"}],"wp:term":[{"taxonomy":"product_brand","embeddable":true,"href":"https:\/\/kopartners.pl\/de\/wp-json\/wp\/v2\/product_brand?post=68363"},{"taxonomy":"product_cat","embeddable":true,"href":"https:\/\/kopartners.pl\/de\/wp-json\/wp\/v2\/product_cat?post=68363"},{"taxonomy":"product_tag","embeddable":true,"href":"https:\/\/kopartners.pl\/de\/wp-json\/wp\/v2\/product_tag?post=68363"}],"curies":[{"name":"wp","href":"https:\/\/api.w.org\/{rel}","templated":true}]}}