{"id":68357,"date":"2025-05-26T09:23:56","date_gmt":"2025-05-26T07:23:56","guid":{"rendered":"https:\/\/kopartners.pl\/?post_type=product&#038;p=68357"},"modified":"2026-03-23T10:54:51","modified_gmt":"2026-03-23T09:54:51","slug":"pakiet-odziezy-abc","status":"publish","type":"product","link":"https:\/\/kopartners.pl\/de\/produkt\/pakiet-odziezy-abc\/","title":{"rendered":"Premium-Kleidungspaket ABC"},"content":{"rendered":"<h1 data-section-id=\"4y8hy3\" data-start=\"144\" data-end=\"227\">Premium-ABC-Kleidungspaket - 30 St\u00fcck Markenkleidung f\u00fcr den Wiederverkauf<\/h1>\n<h3 data-section-id=\"8iev67\" data-start=\"229\" data-end=\"271\">Ein Premium-Segment, das real Geld einbringt<\/h3>\n<p data-start=\"273\" data-end=\"457\">Paket Kleidung <strong data-start=\"288\" data-end=\"303\">Premium-ABC<\/strong> ist ein sorgf\u00e4ltig ausgew\u00e4hltes Set von 30 hochwertigen Kleidungsst\u00fccken, um ein Angebot auf der Grundlage bekannter Marken und h\u00f6herer Verkaufspreise aufzubauen.<\/p>\n<p data-start=\"459\" data-end=\"630\">Dies ist ideal f\u00fcr Einzelh\u00e4ndler, die ihre Gewinnspannen erh\u00f6hen und ihren Kunden Premiumprodukte anbieten m\u00f6chten und dabei von der Vielfalt der Qualit\u00e4tsstufen profitieren wollen.<\/p>\n<h3 data-section-id=\"eacgrf\" data-start=\"632\" data-end=\"653\">Was das Paket enth\u00e4lt<\/h3>\n<p data-start=\"655\" data-end=\"713\">Das Paket umfasst <strong data-start=\"671\" data-end=\"699\">30 hochwertige Kleidungsst\u00fccke<\/strong>, einschlie\u00dflich, aber nicht beschr\u00e4nkt auf:<\/p>\n<ul data-start=\"715\" data-end=\"807\">\n<li data-section-id=\"1rqs30y\" data-start=\"715\" data-end=\"735\">Freizeitkleidung<\/li>\n<li data-section-id=\"1bocs1d\" data-start=\"736\" data-end=\"764\">modische Garderobenartikel<\/li>\n<li data-section-id=\"hg7c18\" data-start=\"765\" data-end=\"789\">verschiedene Schnitte und Stile<\/li>\n<li data-section-id=\"c80eu8\" data-start=\"790\" data-end=\"807\">Gr\u00f6\u00dfenmix<\/li>\n<\/ul>\n<p data-start=\"809\" data-end=\"890\">Das Set hat eine <strong data-start=\"829\" data-end=\"837\">mischen<\/strong>, die es erm\u00f6glichen, ein differenziertes Verkaufsangebot zu erstellen.<\/p>\n<h3 data-section-id=\"1fr11xk\" data-start=\"892\" data-end=\"915\">Produktkategorie<\/h3>\n<p data-start=\"917\" data-end=\"976\">Die Produkte des Pakets sind in Klassen eingeteilt <strong data-start=\"960\" data-end=\"975\">A, B und C<\/strong>.<\/p>\n<p data-start=\"978\" data-end=\"1004\"><strong data-start=\"978\" data-end=\"1004\">ABC-Kategorie bedeutet:<\/strong><\/p>\n<ul data-start=\"1006\" data-end=\"1173\">\n<li data-section-id=\"jy1850\" data-start=\"1006\" data-end=\"1058\"><strong data-start=\"1008\" data-end=\"1013\">A<\/strong> - Produkte neu oder in sehr gutem Zustand<\/li>\n<li data-section-id=\"wr2hsp\" data-start=\"1059\" data-end=\"1107\"><strong data-start=\"1061\" data-end=\"1066\">B<\/strong> - leichte Gebrauchsspuren m\u00f6glich<\/li>\n<li data-section-id=\"6upptu\" data-start=\"1108\" data-end=\"1173\"><strong data-start=\"1110\" data-end=\"1115\">C<\/strong> - Produkte, die aufgefrischt oder geringf\u00fcgig angepasst werden m\u00fcssen<\/li>\n<\/ul>\n<p data-start=\"1175\" data-end=\"1268\">So k\u00f6nnen Sie Produkte in verschiedenen Preisklassen verkaufen und Ihren Gewinn maximieren.<\/p>\n<h3 data-section-id=\"lnjmld\" data-start=\"1270\" data-end=\"1306\">Warum dieses Paket w\u00e4hlen<\/h3>\n<p data-start=\"1308\" data-end=\"1586\">\u2714 Premiumsegment = h\u00f6here Verkaufspreise<br data-start=\"1349\" data-end=\"1352\" \/>\u2714 die M\u00f6glichkeit, hohe Gewinnspannen zu erzielen<br data-start=\"1390\" data-end=\"1393\" \/>\u2714 verschiedene Produktklassen = gr\u00f6\u00dfere Flexibilit\u00e4t beim Verkauf<br data-start=\"1449\" data-end=\"1452\" \/>\u2714 ideal f\u00fcr den Verkauf von Einzelst\u00fccken<br data-start=\"1493\" data-end=\"1496\" \/>\u2714 breite Palette von M\u00f6glichkeiten zur Angebotspositionierung<br data-start=\"1539\" data-end=\"1542\" \/>\u2714 Attraktives Produkt f\u00fcr anspruchsvolle Kunden<\/p>\n<h3 data-section-id=\"13xx986\" data-start=\"1588\" data-end=\"1616\">F\u00fcr wen ist dieses Paket gedacht?<\/h3>\n<ul data-start=\"1618\" data-end=\"1815\">\n<li data-section-id=\"31zhhv\" data-start=\"1618\" data-end=\"1658\">Online-Shops f\u00fcr hochwertige Kleidung<\/li>\n<li data-section-id=\"p2mig0\" data-start=\"1659\" data-end=\"1697\">Verk\u00e4ufer auf Allegro, Vinted, OLX<\/li>\n<li data-section-id=\"iy6pur\" data-start=\"1698\" data-end=\"1718\">Boutiquen und Outlets<\/li>\n<li data-section-id=\"1tp62dj\" data-start=\"1719\" data-end=\"1769\">Einzelh\u00e4ndler auf der Suche nach hochwertigen Produkten<\/li>\n<li data-section-id=\"ffaj79\" data-start=\"1770\" data-end=\"1815\">diejenigen, die den Verkauf in der Modeindustrie entwickeln<\/li>\n<\/ul>\n<p data-start=\"1817\" data-end=\"1971\">Das Premium ABC-Kleidungspaket umfasst <strong data-start=\"1847\" data-end=\"1970\">eine ausgezeichnete Wahl f\u00fcr Einzelh\u00e4ndler, die den Wert ihres Angebots erh\u00f6hen und mit einem einzigen Produkt mehr verdienen wollen<\/strong>.<\/p>","protected":false},"excerpt":{"rendered":"<p>Wenn Sie eine Bestellung aufgeben oder mehr Informationen erhalten m\u00f6chten, klicken Sie bitte auf die Schaltfl\u00e4che <strong>\u201eKontaktieren Sie uns\u201c<\/strong>unter den Bildern.<\/p>","protected":false},"featured_media":69174,"template":"","meta":{"_acf_changed":false},"product_brand":[],"product_cat":[538,504],"product_tag":[],"class_list":{"0":"post-68357","1":"product","2":"type-product","3":"status-publish","4":"has-post-thumbnail","6":"product_cat-wszystkie","7":"product_cat-odziez","9":"first","10":"instock","11":"taxable","12":"shipping-taxable","13":"purchasable","14":"product-type-simple"},"acf":[],"_links":{"self":[{"href":"https:\/\/kopartners.pl\/de\/wp-json\/wp\/v2\/product\/68357","targetHints":{"allow":["GET"]}}],"collection":[{"href":"https:\/\/kopartners.pl\/de\/wp-json\/wp\/v2\/product"}],"about":[{"href":"https:\/\/kopartners.pl\/de\/wp-json\/wp\/v2\/types\/product"}],"version-history":[{"count":12,"href":"https:\/\/kopartners.pl\/de\/wp-json\/wp\/v2\/product\/68357\/revisions"}],"predecessor-version":[{"id":69347,"href":"https:\/\/kopartners.pl\/de\/wp-json\/wp\/v2\/product\/68357\/revisions\/69347"}],"wp:featuredmedia":[{"embeddable":true,"href":"https:\/\/kopartners.pl\/de\/wp-json\/wp\/v2\/media\/69174"}],"wp:attachment":[{"href":"https:\/\/kopartners.pl\/de\/wp-json\/wp\/v2\/media?parent=68357"}],"wp:term":[{"taxonomy":"product_brand","embeddable":true,"href":"https:\/\/kopartners.pl\/de\/wp-json\/wp\/v2\/product_brand?post=68357"},{"taxonomy":"product_cat","embeddable":true,"href":"https:\/\/kopartners.pl\/de\/wp-json\/wp\/v2\/product_cat?post=68357"},{"taxonomy":"product_tag","embeddable":true,"href":"https:\/\/kopartners.pl\/de\/wp-json\/wp\/v2\/product_tag?post=68357"}],"curies":[{"name":"wp","href":"https:\/\/api.w.org\/{rel}","templated":true}]}}