{"id":68353,"date":"2025-05-26T09:22:06","date_gmt":"2025-05-26T07:22:06","guid":{"rendered":"https:\/\/kopartners.pl\/?post_type=product&#038;p=68353"},"modified":"2026-03-03T13:01:55","modified_gmt":"2026-03-03T12:01:55","slug":"paleta-odziezy-c","status":"publish","type":"product","link":"https:\/\/kopartners.pl\/de\/produkt\/paleta-odziezy-c\/","title":{"rendered":"Palette Kleidung - B"},"content":{"rendered":"<h3 data-start=\"512\" data-end=\"535\">Palettenspezifikation<\/h3>\n<p data-start=\"537\" data-end=\"569\">Die Palette umfasst Kleidungsst\u00fccke in Klassen:<\/p>\n<ul data-start=\"571\" data-end=\"709\">\n<li data-start=\"571\" data-end=\"614\">\n<p data-start=\"573\" data-end=\"614\"><strong data-start=\"573\" data-end=\"578\">A<\/strong> - neue, qualitativ hochwertige Produkte<\/p>\n<\/li>\n<li data-start=\"615\" data-end=\"709\">\n<p data-start=\"617\" data-end=\"709\"><strong data-start=\"617\" data-end=\"622\">B<\/strong> - zur\u00fcckgegebene Kleidungsst\u00fccke, die Anzeichen einer Anprobe oder leichte M\u00e4ngel aufweisen k\u00f6nnen<\/p>\n<\/li>\n<\/ul>\n<p data-start=\"711\" data-end=\"775\">In der Palette befindet sich ein hoher Anteil an Waren aus Verbraucherretouren.<\/p>\n<p data-start=\"777\" data-end=\"870\">Das Angebot umfasst verschiedene Modelle, Kategorien und Gr\u00f6\u00dfen, je nach aktuellem Angebot.<\/p>\n<h3 data-start=\"872\" data-end=\"896\">Zus\u00e4tzliche Informationen<\/h3>\n<p data-start=\"898\" data-end=\"1045\">Wir ver\u00f6ffentlichen detaillierte Spezifikationen, Fotos und Verf\u00fcgbarkeit auf unserem Telegram-Kanal.<br data-start=\"986\" data-end=\"989\" \/>F\u00fcr ein aktuelles Angebot bitten wir Sie, mit uns Kontakt aufzunehmen.<\/p>","protected":false},"excerpt":{"rendered":"<p data-start=\"340\" data-end=\"469\"><strong data-start=\"143\" data-end=\"165\">AB-Kollektion<\/strong><br data-start=\"165\" data-end=\"168\" \/>Gro\u00dfhandelspalette mit Kleidungsst\u00fccken der Klassen A und B f\u00fcr den Wiederverkauf. Vielf\u00e4ltiges Sortiment an Modellen und Gr\u00f6\u00dfen.<\/p>","protected":false},"featured_media":69260,"template":"","meta":{"_acf_changed":false},"product_brand":[],"product_cat":[538,504],"product_tag":[564],"class_list":{"0":"post-68353","1":"product","2":"type-product","3":"status-publish","4":"has-post-thumbnail","6":"product_cat-wszystkie","7":"product_cat-odziez","8":"product_tag-paleta","10":"first","11":"outofstock","12":"taxable","13":"shipping-taxable","14":"purchasable","15":"product-type-simple"},"acf":[],"_links":{"self":[{"href":"https:\/\/kopartners.pl\/de\/wp-json\/wp\/v2\/product\/68353","targetHints":{"allow":["GET"]}}],"collection":[{"href":"https:\/\/kopartners.pl\/de\/wp-json\/wp\/v2\/product"}],"about":[{"href":"https:\/\/kopartners.pl\/de\/wp-json\/wp\/v2\/types\/product"}],"version-history":[{"count":10,"href":"https:\/\/kopartners.pl\/de\/wp-json\/wp\/v2\/product\/68353\/revisions"}],"predecessor-version":[{"id":69167,"href":"https:\/\/kopartners.pl\/de\/wp-json\/wp\/v2\/product\/68353\/revisions\/69167"}],"wp:featuredmedia":[{"embeddable":true,"href":"https:\/\/kopartners.pl\/de\/wp-json\/wp\/v2\/media\/69260"}],"wp:attachment":[{"href":"https:\/\/kopartners.pl\/de\/wp-json\/wp\/v2\/media?parent=68353"}],"wp:term":[{"taxonomy":"product_brand","embeddable":true,"href":"https:\/\/kopartners.pl\/de\/wp-json\/wp\/v2\/product_brand?post=68353"},{"taxonomy":"product_cat","embeddable":true,"href":"https:\/\/kopartners.pl\/de\/wp-json\/wp\/v2\/product_cat?post=68353"},{"taxonomy":"product_tag","embeddable":true,"href":"https:\/\/kopartners.pl\/de\/wp-json\/wp\/v2\/product_tag?post=68353"}],"curies":[{"name":"wp","href":"https:\/\/api.w.org\/{rel}","templated":true}]}}