{"id":68351,"date":"2025-05-26T09:17:30","date_gmt":"2025-05-26T07:17:30","guid":{"rendered":"https:\/\/kopartners.pl\/?post_type=product&#038;p=68351"},"modified":"2026-05-04T09:59:21","modified_gmt":"2026-05-04T07:59:21","slug":"paleta-odziezy-second-hand","status":"publish","type":"product","link":"https:\/\/kopartners.pl\/de\/produkt\/paleta-odziezy-second-hand\/","title":{"rendered":"Palette an Second-Hand-Kleidung"},"content":{"rendered":"<h3 data-start=\"330\" data-end=\"353\">Palettenspezifikation<\/h3>\n<p data-start=\"355\" data-end=\"484\">Die Palette umfasst von <strong data-start=\"373\" data-end=\"414\">150 kg gebrauchte Kleidung<\/strong>.<br data-start=\"415\" data-end=\"418\" \/>Das Angebot umfasst verschiedene Kategorien von Kleidungsst\u00fccken, Modellen und Gr\u00f6\u00dfen.<\/p>\n<p data-start=\"486\" data-end=\"599\">Die Waren sind f\u00fcr den Wiederverkauf in station\u00e4ren Gesch\u00e4ften, Online-Shops und Outlet-Shops bestimmt.<\/p>\n<p data-start=\"601\" data-end=\"700\">Jede Palette kann sich in der Struktur des Sortiments und dem Anteil der verschiedenen Bekleidungskategorien unterscheiden.<\/p>\n<h3 data-start=\"702\" data-end=\"726\">Zus\u00e4tzliche Informationen<\/h3>\n<p data-start=\"728\" data-end=\"878\">Wir ver\u00f6ffentlichen aktuelle Spezifikationen, Fotos der Paletten und die Verf\u00fcgbarkeit auf unserem Telegram-Kanal.<br data-start=\"819\" data-end=\"822\" \/>F\u00fcr ein aktuelles Angebot bitten wir Sie, mit uns Kontakt aufzunehmen.<\/p>","protected":false},"excerpt":{"rendered":"<p><strong data-start=\"131\" data-end=\"174\">Palette mit Second-Hand-Kleidung - ab 150 kg.<\/strong><br data-start=\"174\" data-end=\"177\" \/>Gro\u00dfhandelspalette mit Second-Hand-Kleidung f\u00fcr den Wiederverkauf. Vielf\u00e4ltiges Sortiment in einer Lieferung.<\/p>","protected":false},"featured_media":69262,"template":"","meta":{"_acf_changed":false},"product_brand":[],"product_cat":[538,504],"product_tag":[564],"class_list":{"0":"post-68351","1":"product","2":"type-product","3":"status-publish","4":"has-post-thumbnail","6":"product_cat-wszystkie","7":"product_cat-odziez","8":"product_tag-paleta","10":"first","11":"instock","12":"taxable","13":"shipping-taxable","14":"purchasable","15":"product-type-simple"},"acf":[],"_links":{"self":[{"href":"https:\/\/kopartners.pl\/de\/wp-json\/wp\/v2\/product\/68351","targetHints":{"allow":["GET"]}}],"collection":[{"href":"https:\/\/kopartners.pl\/de\/wp-json\/wp\/v2\/product"}],"about":[{"href":"https:\/\/kopartners.pl\/de\/wp-json\/wp\/v2\/types\/product"}],"version-history":[{"count":6,"href":"https:\/\/kopartners.pl\/de\/wp-json\/wp\/v2\/product\/68351\/revisions"}],"predecessor-version":[{"id":69168,"href":"https:\/\/kopartners.pl\/de\/wp-json\/wp\/v2\/product\/68351\/revisions\/69168"}],"wp:featuredmedia":[{"embeddable":true,"href":"https:\/\/kopartners.pl\/de\/wp-json\/wp\/v2\/media\/69262"}],"wp:attachment":[{"href":"https:\/\/kopartners.pl\/de\/wp-json\/wp\/v2\/media?parent=68351"}],"wp:term":[{"taxonomy":"product_brand","embeddable":true,"href":"https:\/\/kopartners.pl\/de\/wp-json\/wp\/v2\/product_brand?post=68351"},{"taxonomy":"product_cat","embeddable":true,"href":"https:\/\/kopartners.pl\/de\/wp-json\/wp\/v2\/product_cat?post=68351"},{"taxonomy":"product_tag","embeddable":true,"href":"https:\/\/kopartners.pl\/de\/wp-json\/wp\/v2\/product_tag?post=68351"}],"curies":[{"name":"wp","href":"https:\/\/api.w.org\/{rel}","templated":true}]}}