{"id":68348,"date":"2025-05-26T08:54:14","date_gmt":"2025-05-26T06:54:14","guid":{"rendered":"https:\/\/kopartners.pl\/?post_type=product&#038;p=68348"},"modified":"2026-02-26T22:15:21","modified_gmt":"2026-02-26T21:15:21","slug":"obuwie-w-folii","status":"publish","type":"product","link":"https:\/\/kopartners.pl\/de\/produkt\/obuwie-w-folii\/","title":{"rendered":"Gewickelte Schuhpalette"},"content":{"rendered":"<h3 data-start=\"316\" data-end=\"339\">Palettenspezifikation<\/h3>\n<p data-start=\"341\" data-end=\"410\">Die Palette enth\u00e4lt ca. <strong data-start=\"362\" data-end=\"399\">350\u2013400 par niesortowanego obuwia<\/strong> im Unterricht:<\/p>\n<ul data-start=\"412\" data-end=\"562\">\n<li data-start=\"412\" data-end=\"437\">\n<p data-start=\"414\" data-end=\"437\"><strong data-start=\"414\" data-end=\"419\">A<\/strong> \u2013 produkty nowe<\/p>\n<\/li>\n<li data-start=\"438\" data-end=\"505\">\n<p data-start=\"440\" data-end=\"505\"><strong data-start=\"440\" data-end=\"445\">B<\/strong> - Zur\u00fcckgegebene Modelle oder Modelle mit sichtbaren Gebrauchsspuren<\/p>\n<\/li>\n<li data-start=\"506\" data-end=\"562\">\n<p data-start=\"508\" data-end=\"562\"><strong data-start=\"508\" data-end=\"513\">C<\/strong> \u2013 produkty z wadami lub wymagaj\u0105ce od\u015bwie\u017cenia<\/p>\n<\/li>\n<\/ul>\n<p data-start=\"564\" data-end=\"719\">Es ist eine Palette <strong data-start=\"579\" data-end=\"595\">unsortiert<\/strong>, co oznacza naturalny, losowy mix modeli, rozmiar\u00f3w oraz klas jako\u015bci. Obuwie znajduje si\u0119 na palecie zabezpieczonej foli\u0105.<\/p>\n<p data-start=\"721\" data-end=\"811\">Ze wzgl\u0119du na charakter palety, struktura asortymentu oraz proporcje klas mog\u0105 si\u0119 r\u00f3\u017cni\u0107.<\/p>\n<h3 data-start=\"813\" data-end=\"837\">Zus\u00e4tzliche Informationen<\/h3>\n<p data-start=\"839\" data-end=\"984\">Wir ver\u00f6ffentlichen aktuelle Spezifikationen, Fotos der Paletten und die Verf\u00fcgbarkeit auf unserem Telegram-Kanal.<br data-start=\"930\" data-end=\"933\" \/>W celu uzyskania szczeg\u00f3\u0142\u00f3w zapraszamy do kontaktu.<\/p>","protected":false},"excerpt":{"rendered":"<p data-start=\"99\" data-end=\"273\"><strong data-start=\"99\" data-end=\"160\">Unsortierte Palette von ABC-Schuhen in Folie - ca. 350-400 Paar.<\/strong><br data-start=\"160\" data-end=\"163\" \/>Gro\u00dfe Gro\u00dfhandelspalette mit Schuhen der Klassen A, B und C. Waren durch Folie gesch\u00fctzt, keine zus\u00e4tzliche Auswahl.<\/p>","protected":false},"featured_media":68821,"template":"","meta":{"_acf_changed":false},"product_brand":[],"product_cat":[538,503],"product_tag":[564],"class_list":{"0":"post-68348","1":"product","2":"type-product","3":"status-publish","4":"has-post-thumbnail","6":"product_cat-wszystkie","7":"product_cat-obuwie","8":"product_tag-paleta","10":"first","11":"outofstock","12":"taxable","13":"shipping-taxable","14":"purchasable","15":"product-type-simple"},"acf":[],"_links":{"self":[{"href":"https:\/\/kopartners.pl\/de\/wp-json\/wp\/v2\/product\/68348","targetHints":{"allow":["GET"]}}],"collection":[{"href":"https:\/\/kopartners.pl\/de\/wp-json\/wp\/v2\/product"}],"about":[{"href":"https:\/\/kopartners.pl\/de\/wp-json\/wp\/v2\/types\/product"}],"version-history":[{"count":9,"href":"https:\/\/kopartners.pl\/de\/wp-json\/wp\/v2\/product\/68348\/revisions"}],"predecessor-version":[{"id":69155,"href":"https:\/\/kopartners.pl\/de\/wp-json\/wp\/v2\/product\/68348\/revisions\/69155"}],"wp:featuredmedia":[{"embeddable":true,"href":"https:\/\/kopartners.pl\/de\/wp-json\/wp\/v2\/media\/68821"}],"wp:attachment":[{"href":"https:\/\/kopartners.pl\/de\/wp-json\/wp\/v2\/media?parent=68348"}],"wp:term":[{"taxonomy":"product_brand","embeddable":true,"href":"https:\/\/kopartners.pl\/de\/wp-json\/wp\/v2\/product_brand?post=68348"},{"taxonomy":"product_cat","embeddable":true,"href":"https:\/\/kopartners.pl\/de\/wp-json\/wp\/v2\/product_cat?post=68348"},{"taxonomy":"product_tag","embeddable":true,"href":"https:\/\/kopartners.pl\/de\/wp-json\/wp\/v2\/product_tag?post=68348"}],"curies":[{"name":"wp","href":"https:\/\/api.w.org\/{rel}","templated":true}]}}