{"id":68346,"date":"2025-05-26T08:52:39","date_gmt":"2025-05-26T06:52:39","guid":{"rendered":"https:\/\/kopartners.pl\/?post_type=product&#038;p=68346"},"modified":"2026-03-02T08:50:28","modified_gmt":"2026-03-02T07:50:28","slug":"obuwie-c","status":"publish","type":"product","link":"https:\/\/kopartners.pl\/de\/produkt\/obuwie-c\/","title":{"rendered":"Schuhwerk Palette C"},"content":{"rendered":"<h3 data-start=\"409\" data-end=\"432\">Palettenspezifikation<\/h3>\n<p data-start=\"434\" data-end=\"488\">Die Palette enth\u00e4lt ca. <strong data-start=\"455\" data-end=\"477\">100-150 Paar Schuhe<\/strong> im Unterricht:<\/p>\n<ul data-start=\"490\" data-end=\"669\">\n<li data-start=\"490\" data-end=\"533\">\n<p data-start=\"492\" data-end=\"533\"><strong data-start=\"492\" data-end=\"497\">A<\/strong> - neue, qualitativ hochwertige Produkte<\/p>\n<\/li>\n<li data-start=\"534\" data-end=\"601\">\n<p data-start=\"536\" data-end=\"601\"><strong data-start=\"536\" data-end=\"541\">B<\/strong> - Zur\u00fcckgegebene Modelle oder Modelle mit sichtbaren Gebrauchsspuren<\/p>\n<\/li>\n<li data-start=\"602\" data-end=\"669\">\n<p data-start=\"604\" data-end=\"669\"><strong data-start=\"604\" data-end=\"609\">C<\/strong> - Produkte, die sichtbare M\u00e4ngel aufweisen oder \u00fcberholungsbed\u00fcrftig sind<\/p>\n<\/li>\n<\/ul>\n<p data-start=\"671\" data-end=\"804\">Es ist eine Palette <strong data-start=\"686\" data-end=\"702\">unsortiert<\/strong>, Das bedeutet eine nat\u00fcrliche, zuf\u00e4llige Verteilung von Modellen, Gr\u00f6\u00dfen und Qualit\u00e4tsklassen ohne zus\u00e4tzliche Sortierung.<\/p>\n<p data-start=\"806\" data-end=\"877\">Jede Palette kann sich in der Struktur des Sortiments und dem Anteil der Klassen unterscheiden.<\/p>\n<h3 data-start=\"879\" data-end=\"903\">Zus\u00e4tzliche Informationen<\/h3>\n<p data-start=\"905\" data-end=\"1069\">Wir ver\u00f6ffentlichen detaillierte Spezifikationen der aktuellen Paletten, Fotos und Verf\u00fcgbarkeit auf unserem Telegram-Kanal.<br data-start=\"1010\" data-end=\"1013\" \/>F\u00fcr ein aktuelles Angebot bitten wir Sie, mit uns Kontakt aufzunehmen.<\/p>","protected":false},"excerpt":{"rendered":"<p><strong data-start=\"215\" data-end=\"268\">Unsortierte ABC-Schuhpalette - etwa 100-150 Paar.<\/strong><br data-start=\"268\" data-end=\"271\" \/>Gro\u00dfhandelsmischung in den Klassen A, B und C. Die Palette enth\u00e4lt eine Vielzahl von Modellen und Gr\u00f6\u00dfen ohne zus\u00e4tzliche Auswahl.<\/p>","protected":false},"featured_media":69182,"template":"","meta":{"_acf_changed":false},"product_brand":[],"product_cat":[538,503],"product_tag":[564],"class_list":{"0":"post-68346","1":"product","2":"type-product","3":"status-publish","4":"has-post-thumbnail","6":"product_cat-wszystkie","7":"product_cat-obuwie","8":"product_tag-paleta","10":"first","11":"outofstock","12":"taxable","13":"shipping-taxable","14":"purchasable","15":"product-type-simple"},"acf":[],"_links":{"self":[{"href":"https:\/\/kopartners.pl\/de\/wp-json\/wp\/v2\/product\/68346","targetHints":{"allow":["GET"]}}],"collection":[{"href":"https:\/\/kopartners.pl\/de\/wp-json\/wp\/v2\/product"}],"about":[{"href":"https:\/\/kopartners.pl\/de\/wp-json\/wp\/v2\/types\/product"}],"version-history":[{"count":6,"href":"https:\/\/kopartners.pl\/de\/wp-json\/wp\/v2\/product\/68346\/revisions"}],"predecessor-version":[{"id":69164,"href":"https:\/\/kopartners.pl\/de\/wp-json\/wp\/v2\/product\/68346\/revisions\/69164"}],"wp:featuredmedia":[{"embeddable":true,"href":"https:\/\/kopartners.pl\/de\/wp-json\/wp\/v2\/media\/69182"}],"wp:attachment":[{"href":"https:\/\/kopartners.pl\/de\/wp-json\/wp\/v2\/media?parent=68346"}],"wp:term":[{"taxonomy":"product_brand","embeddable":true,"href":"https:\/\/kopartners.pl\/de\/wp-json\/wp\/v2\/product_brand?post=68346"},{"taxonomy":"product_cat","embeddable":true,"href":"https:\/\/kopartners.pl\/de\/wp-json\/wp\/v2\/product_cat?post=68346"},{"taxonomy":"product_tag","embeddable":true,"href":"https:\/\/kopartners.pl\/de\/wp-json\/wp\/v2\/product_tag?post=68346"}],"curies":[{"name":"wp","href":"https:\/\/api.w.org\/{rel}","templated":true}]}}