{"id":68340,"date":"2025-05-26T08:40:03","date_gmt":"2025-05-26T06:40:03","guid":{"rendered":"https:\/\/kopartners.pl\/?post_type=product&#038;p=68340"},"modified":"2026-03-02T08:52:16","modified_gmt":"2026-03-02T07:52:16","slug":"obuwie-b","status":"publish","type":"product","link":"https:\/\/kopartners.pl\/de\/produkt\/obuwie-b\/","title":{"rendered":"Schuhwerk Palette B"},"content":{"rendered":"<h3 data-start=\"484\" data-end=\"507\">Palettenspezifikation<\/h3>\n<p data-start=\"509\" data-end=\"563\">Die Palette enth\u00e4lt ca. <strong data-start=\"530\" data-end=\"552\">100-150 Paar Schuhe<\/strong> im Unterricht:<\/p>\n<ul data-start=\"565\" data-end=\"677\">\n<li data-start=\"565\" data-end=\"608\">\n<p data-start=\"567\" data-end=\"608\"><strong data-start=\"567\" data-end=\"572\">A<\/strong> - neue, qualitativ hochwertige Produkte<\/p>\n<\/li>\n<li data-start=\"609\" data-end=\"677\">\n<p data-start=\"611\" data-end=\"677\"><strong data-start=\"611\" data-end=\"616\">B<\/strong> - Modelle mit R\u00fccksendungen oder leichten Gebrauchsspuren<\/p>\n<\/li>\n<\/ul>\n<p data-start=\"679\" data-end=\"794\">Es ist eine Palette <strong data-start=\"694\" data-end=\"710\">unsortiert<\/strong>, co oznacza naturalny mix modeli, rozmiar\u00f3w i typ\u00f3w obuwia bez dodatkowej selekcji.<\/p>\n<p data-start=\"796\" data-end=\"867\">Ka\u017cda paleta mo\u017ce r\u00f3\u017cni\u0107 si\u0119 struktur\u0105 modeli oraz rozk\u0142adem rozmiar\u00f3w.<\/p>\n<h3 data-start=\"869\" data-end=\"893\">Zus\u00e4tzliche Informationen<\/h3>\n<p data-start=\"895\" data-end=\"1060\">Wir ver\u00f6ffentlichen detaillierte Spezifikationen der aktuellen Paletten, Fotos und Verf\u00fcgbarkeit auf unserem Telegram-Kanal.<br data-start=\"1000\" data-end=\"1003\" \/>W celu uzyskania aktualnej oferty zapraszamy do kontaktu.<\/p>","protected":false},"excerpt":{"rendered":"<p><strong data-start=\"301\" data-end=\"353\">Unsortierte Schuhpalette B - ca. 100-150 Paare.<\/strong><br data-start=\"353\" data-end=\"356\" \/>Gro\u00dfhandelsmischung in den Klassen A und B. Unsortierte Palette mit verschiedenen Modellen und Gr\u00f6\u00dfen.<\/p>","protected":false},"featured_media":69181,"template":"","meta":{"_acf_changed":false},"product_brand":[],"product_cat":[538,503],"product_tag":[564],"class_list":{"0":"post-68340","1":"product","2":"type-product","3":"status-publish","4":"has-post-thumbnail","6":"product_cat-wszystkie","7":"product_cat-obuwie","8":"product_tag-paleta","10":"first","11":"outofstock","12":"taxable","13":"shipping-taxable","14":"purchasable","15":"product-type-simple"},"acf":[],"_links":{"self":[{"href":"https:\/\/kopartners.pl\/de\/wp-json\/wp\/v2\/product\/68340","targetHints":{"allow":["GET"]}}],"collection":[{"href":"https:\/\/kopartners.pl\/de\/wp-json\/wp\/v2\/product"}],"about":[{"href":"https:\/\/kopartners.pl\/de\/wp-json\/wp\/v2\/types\/product"}],"version-history":[{"count":6,"href":"https:\/\/kopartners.pl\/de\/wp-json\/wp\/v2\/product\/68340\/revisions"}],"predecessor-version":[{"id":69162,"href":"https:\/\/kopartners.pl\/de\/wp-json\/wp\/v2\/product\/68340\/revisions\/69162"}],"wp:featuredmedia":[{"embeddable":true,"href":"https:\/\/kopartners.pl\/de\/wp-json\/wp\/v2\/media\/69181"}],"wp:attachment":[{"href":"https:\/\/kopartners.pl\/de\/wp-json\/wp\/v2\/media?parent=68340"}],"wp:term":[{"taxonomy":"product_brand","embeddable":true,"href":"https:\/\/kopartners.pl\/de\/wp-json\/wp\/v2\/product_brand?post=68340"},{"taxonomy":"product_cat","embeddable":true,"href":"https:\/\/kopartners.pl\/de\/wp-json\/wp\/v2\/product_cat?post=68340"},{"taxonomy":"product_tag","embeddable":true,"href":"https:\/\/kopartners.pl\/de\/wp-json\/wp\/v2\/product_tag?post=68340"}],"curies":[{"name":"wp","href":"https:\/\/api.w.org\/{rel}","templated":true}]}}