{"id":67390,"date":"2025-03-17T08:55:10","date_gmt":"2025-03-17T07:55:10","guid":{"rendered":"https:\/\/kopartners.pl\/?post_type=product&#038;p=67390"},"modified":"2026-04-23T07:14:21","modified_gmt":"2026-04-23T05:14:21","slug":"obuwie-pakiet-ab","status":"publish","type":"product","link":"https:\/\/kopartners.pl\/de\/produkt\/obuwie-pakiet-ab\/","title":{"rendered":"AB-Schuhpaket"},"content":{"rendered":"<h1 data-section-id=\"bqz70l\" data-start=\"154\" data-end=\"206\">AB-Schuhpaket - Gro\u00dfhandelsmix aus h\u00f6herer Qualit\u00e4t<\/h1>\n<h3 data-section-id=\"1pzn4qi\" data-start=\"208\" data-end=\"273\">Sorgf\u00e4ltig ausgew\u00e4hlte Schuhe, die mit h\u00f6heren Gewinnspannen verkauft werden<\/h3>\n<p data-start=\"275\" data-end=\"457\">Klassenzimmer-Schuhwerk-Paket <strong data-start=\"299\" data-end=\"308\">A und B<\/strong> ist ideal f\u00fcr Einzelh\u00e4ndler, die ihren Kunden qualitativ hochwertigere Produkte anbieten und gleichzeitig einen attraktiven Einkaufspreis erzielen wollen.<\/p>\n<p data-start=\"459\" data-end=\"632\">Keine Produkte der Klasse C bedeutet <strong data-start=\"493\" data-end=\"556\">weniger Auswahl, weniger Abfall und gr\u00f6\u00dferes Umsatzpotenzial<\/strong>, was sich unmittelbar in einem bequemeren und rentableren Handel niederschl\u00e4gt.<\/p>\n<h3 data-section-id=\"eacgrf\" data-start=\"634\" data-end=\"655\">Was das Paket enth\u00e4lt<\/h3>\n<p data-start=\"657\" data-end=\"697\">Das Paket enth\u00e4lt einen Mix aus Schuhen, einschlie\u00dflich, aber nicht beschr\u00e4nkt auf:<\/p>\n<ul data-start=\"699\" data-end=\"785\">\n<li data-section-id=\"1xjf9fg\" data-start=\"699\" data-end=\"718\">Sportschuhe<\/li>\n<li data-section-id=\"1e7z9w0\" data-start=\"719\" data-end=\"739\">Freizeitschuhe<\/li>\n<li data-section-id=\"14bjl0b\" data-start=\"740\" data-end=\"759\">saisonales Schuhwerk<\/li>\n<li data-section-id=\"15epyvl\" data-start=\"760\" data-end=\"785\">verschiedene Modelle und Stile<\/li>\n<\/ul>\n<p data-start=\"787\" data-end=\"864\">Das Set hat eine <strong data-start=\"807\" data-end=\"815\">mischen<\/strong>, Dadurch wird die Vielfalt der Produktpalette gew\u00e4hrleistet.<\/p>\n<h3 data-section-id=\"wiflis\" data-start=\"866\" data-end=\"886\">Inklusive Marken<\/h3>\n<p data-start=\"888\" data-end=\"979\">Das Paket umfasst Marken, die auf g\u00e4ngigen E-Commerce-Verkaufsplattformen erh\u00e4ltlich sind.<\/p>\n<h3 data-section-id=\"1fr11xk\" data-start=\"1020\" data-end=\"1043\">Produktkategorie<\/h3>\n<p data-start=\"1045\" data-end=\"1098\">Die Produkte des Pakets sind in Klassen eingeteilt <strong data-start=\"1088\" data-end=\"1097\">A und B<\/strong>.<\/p>\n<p data-start=\"1100\" data-end=\"1125\"><strong data-start=\"1100\" data-end=\"1125\">Kategorie AB bedeutet:<\/strong><\/p>\n<ul data-start=\"1127\" data-end=\"1243\">\n<li data-section-id=\"jy1850\" data-start=\"1127\" data-end=\"1179\"><strong data-start=\"1129\" data-end=\"1134\">A<\/strong> - Produkte neu oder in sehr gutem Zustand<\/li>\n<li data-section-id=\"hkc6ic\" data-start=\"1180\" data-end=\"1243\"><strong data-start=\"1182\" data-end=\"1187\">B<\/strong> - leichte Gebrauchs- oder Transportspuren m\u00f6glich<\/li>\n<\/ul>\n<p data-start=\"1245\" data-end=\"1295\">Das Fehlen einer C-Note bedeutet eine h\u00f6here Gesamtqualit\u00e4t des Pakets.<\/p>\n<h3 data-section-id=\"lnjmld\" data-start=\"1297\" data-end=\"1333\">Warum dieses Paket w\u00e4hlen<\/h3>\n<p data-start=\"1335\" data-end=\"1620\">\u2714 h\u00f6herwertige Produkte als in ABC-Paketen<br data-start=\"1380\" data-end=\"1383\" \/>\u2714 weniger Produkte, die bearbeitet oder repariert werden m\u00fcssen<br data-start=\"1430\" data-end=\"1433\" \/>\u2714 schneller und einfacher zu verkaufen<br data-start=\"1464\" data-end=\"1467\" \/>\u2714 die F\u00e4higkeit, Waren zu h\u00f6heren Preisen anzubieten<br data-start=\"1514\" data-end=\"1517\" \/>\u2714 ideales Gleichgewicht zwischen Kaufpreis und Qualit\u00e4t<br data-start=\"1563\" data-end=\"1566\" \/>\u2714 eine gute Wahl f\u00fcr diejenigen, die eine Shop-Marke aufbauen wollen<\/p>\n<h3 data-section-id=\"13xx986\" data-start=\"1622\" data-end=\"1650\">F\u00fcr wen ist dieses Paket gedacht?<\/h3>\n<ul data-start=\"1652\" data-end=\"1804\">\n<li data-section-id=\"1fmpn86\" data-start=\"1652\" data-end=\"1674\">Webshops<\/li>\n<li data-section-id=\"p2mig0\" data-start=\"1675\" data-end=\"1713\">Verk\u00e4ufer auf Allegro, Vinted, OLX<\/li>\n<li data-section-id=\"1api23t\" data-start=\"1714\" data-end=\"1735\">Schuhh\u00e4ndler<\/li>\n<li data-section-id=\"iy6pur\" data-start=\"1736\" data-end=\"1756\">Boutiquen und Outlets<\/li>\n<li data-section-id=\"17d8hzk\" data-start=\"1757\" data-end=\"1804\">diejenigen, die sich auf die Qualit\u00e4t und das Image ihres Angebots konzentrieren<\/li>\n<\/ul>\n<p data-start=\"1806\" data-end=\"1960\">Das AB-Schuhpaket ist <strong data-start=\"1826\" data-end=\"1959\">die perfekte L\u00f6sung f\u00fcr Einzelh\u00e4ndler, die dank besserer Produktqualit\u00e4t schneller, einfacher und mit h\u00f6heren Gewinnspannen verkaufen wollen<\/strong>.<\/p>\n<p data-start=\"995\" data-end=\"1103\">","protected":false},"excerpt":{"rendered":"<p><strong data-start=\"111\" data-end=\"162\">AB Footwear Package - Gro\u00dfhandelsmix in den Klassen A und B.<\/strong><br data-start=\"162\" data-end=\"165\" \/>Schuhe f\u00fcr den Wiederverkauf an Gesch\u00e4fte, Wiederverk\u00e4ufer und Nicht-Einzelh\u00e4ndler. Verschiedene Modelle und Gr\u00f6\u00dfen in einem Paket. Schneller Versand.<\/p>","protected":false},"featured_media":69272,"template":"","meta":{"_acf_changed":false},"product_brand":[],"product_cat":[538,503],"product_tag":[564],"class_list":{"0":"post-67390","1":"product","2":"type-product","3":"status-publish","4":"has-post-thumbnail","6":"product_cat-wszystkie","7":"product_cat-obuwie","8":"product_tag-paleta","10":"first","11":"outofstock","12":"taxable","13":"shipping-taxable","14":"purchasable","15":"product-type-simple"},"acf":[],"_links":{"self":[{"href":"https:\/\/kopartners.pl\/de\/wp-json\/wp\/v2\/product\/67390","targetHints":{"allow":["GET"]}}],"collection":[{"href":"https:\/\/kopartners.pl\/de\/wp-json\/wp\/v2\/product"}],"about":[{"href":"https:\/\/kopartners.pl\/de\/wp-json\/wp\/v2\/types\/product"}],"version-history":[{"count":21,"href":"https:\/\/kopartners.pl\/de\/wp-json\/wp\/v2\/product\/67390\/revisions"}],"predecessor-version":[{"id":69353,"href":"https:\/\/kopartners.pl\/de\/wp-json\/wp\/v2\/product\/67390\/revisions\/69353"}],"wp:featuredmedia":[{"embeddable":true,"href":"https:\/\/kopartners.pl\/de\/wp-json\/wp\/v2\/media\/69272"}],"wp:attachment":[{"href":"https:\/\/kopartners.pl\/de\/wp-json\/wp\/v2\/media?parent=67390"}],"wp:term":[{"taxonomy":"product_brand","embeddable":true,"href":"https:\/\/kopartners.pl\/de\/wp-json\/wp\/v2\/product_brand?post=67390"},{"taxonomy":"product_cat","embeddable":true,"href":"https:\/\/kopartners.pl\/de\/wp-json\/wp\/v2\/product_cat?post=67390"},{"taxonomy":"product_tag","embeddable":true,"href":"https:\/\/kopartners.pl\/de\/wp-json\/wp\/v2\/product_tag?post=67390"}],"curies":[{"name":"wp","href":"https:\/\/api.w.org\/{rel}","templated":true}]}}