{"id":3,"date":"2023-11-21T08:10:19","date_gmt":"2023-11-21T07:10:19","guid":{"rendered":"https:\/\/kopartners.pl\/?page_id=3"},"modified":"2024-01-11T13:12:43","modified_gmt":"2024-01-11T12:12:43","slug":"polityka-prywatnosci","status":"publish","type":"page","link":"https:\/\/kopartners.pl\/de\/polityka-prywatnosci\/","title":{"rendered":"Datenschutzrichtlinie"},"content":{"rendered":"<div data-elementor-type=\"wp-page\" data-elementor-id=\"3\" class=\"elementor elementor-3\" data-elementor-post-type=\"page\">\n\t\t\t\t<div class=\"wd-negative-gap elementor-element elementor-element-5c99dc83 e-flex e-con-boxed e-con e-parent\" data-id=\"5c99dc83\" data-element_type=\"container\" data-e-type=\"container\">\n\t\t\t\t\t<div class=\"e-con-inner\">\n\t\t\t\t<div class=\"elementor-element elementor-element-5cd70ae elementor-widget elementor-widget-html\" data-id=\"5cd70ae\" data-element_type=\"widget\" data-e-type=\"widget\" data-widget_type=\"html.default\">\n\t\t\t\t<div class=\"elementor-widget-container\">\n\t\t\t\t\t<div id='bbiz-wrapper-privacy_policy'><\/div>\r\n<script> const _bbiz_privacy_policy = {'did': 'p3vn9g58owg2q8ey'}<\/script>\r\n<script async defer src='https:\/\/app.bezpieczny.biz\/s.js?t=privacy_policy'><\/script>\t\t\t\t<\/div>\n\t\t\t\t<\/div>\n\t\t\t\t<div class=\"elementor-element elementor-element-52eff465 elementor-hidden-desktop elementor-hidden-tablet elementor-hidden-mobile color-scheme-inherit text-left elementor-widget elementor-widget-text-editor\" data-id=\"52eff465\" data-element_type=\"widget\" data-e-type=\"widget\" data-widget_type=\"text-editor.default\">\n\t\t\t\t<div class=\"elementor-widget-container\">\n\t\t\t\t\t\t\t\t\t<p><\/p>\n<header class=\"entry-header\">\n<ol>\n<li>\n<p><b>In dieser Datenschutzerkl\u00e4rung wird beschrieben, wie wir Informationen \u00fcber Sie, einschlie\u00dflich personenbezogener Daten und Cookies, oder \"Cookies\", verarbeiten.<\/b><\/p>\n<div><hr align=\"left\" noshade=\"noshade\" size=\"0\" width=\"100%\" \/><\/div>\n<p><b>1. allgemeine Informationen<\/b><\/p>\n<ol>\n<li>Diese Politik gilt f\u00fcr die Website, die unter der Url:\u00a0<b>kopartners.pl<\/b><\/li>\n<li>Der Betreiber des Dienstes und Verwalter der personenbezogenen Daten ist: KOPARTNERS Sp z o.o. Stra\u00dfe Karpia 31,\u00a0<span style=\"font-family: Hind, Arial, Helvetica, sans-serif; font-size: 14px; font-style: normal; font-variant-ligatures: normal; font-variant-caps: normal; font-weight: 400;\">61-619 Pozna\u0144<\/span>, NIP\u00a0<span style=\"font-family: Hind, Arial, Helvetica, sans-serif; font-size: 14px; font-style: normal; font-variant-ligatures: normal; font-variant-caps: normal; font-weight: 400;\">9721343657<\/span>.<\/li>\n<li>E-Mail-Kontaktadresse des Betreibers: biuro@kopartners.pl<\/li>\n<li>Der Betreiber ist der Verwalter Ihrer pers\u00f6nlichen Daten in Bezug auf die Daten, die Sie freiwillig auf der Website angeben.<\/li>\n<li>Der Dienst verwendet personenbezogene Daten f\u00fcr die folgenden Zwecke:\n<ul>\n<li>\u00a0Erstellung eines Newsletters<\/li>\n<li>\u00a0Betrieb eines Kommentarsystems<\/li>\n<li>\u00a0Ein Online-Forum betreiben<\/li>\n<li>\u00a0F\u00fchren eines Online-Chats<\/li>\n<li>\u00a0Pr\u00e4sentation des Benutzerprofils f\u00fcr andere Benutzer<\/li>\n<li>\u00a0Anzeige von Benutzerdurchsagen<\/li>\n<li>\u00a0Bearbeitung von Anfragen \u00fcber das Formular<\/li>\n<li>\u00a0Vorbereitung, Verpackung, Versand von Waren<\/li>\n<li>\u00a0Erbringung der gew\u00fcnschten Dienstleistungen<\/li>\n<li>\u00a0Forderungseinzug<\/li>\n<li>\u00a0Pr\u00e4sentation eines Angebots oder einer Information<\/li>\n<\/ul>\n<\/li>\n<li>Der Dienst f\u00fchrt Funktionen aus, um Informationen \u00fcber die Nutzer und ihr Verhalten auf folgende Weise zu erhalten:\n<ul>\n<li>\u00a0Durch die freiwillig in die Formulare eingegebenen Daten, die in die Systeme des Betreibers eingegeben werden.<\/li>\n<li>\u00a0Durch die Speicherung von Cookies (sog. \"Cookies\") auf den Endger\u00e4ten.<\/li>\n<\/ul>\n<\/li>\n<\/ol>\n<p>Diese Richtlinienvorlage wurde kostenlos und zu Informationszwecken auf der Grundlage unseres Wissens, der Branchenpraxis und der zum 14.08.2018 geltenden Gesetze erstellt. Wir empfehlen Ihnen, die Richtlinienvorlage zu \u00fcberpr\u00fcfen, bevor Sie sie auf Ihrer Website verwenden. Die Vorlage basiert auf den am h\u00e4ufigsten vorkommenden Situationen auf Websites, spiegelt aber m\u00f6glicherweise nicht die vollst\u00e4ndigen und genauen Besonderheiten Ihrer Website wider. Lesen Sie das erstellte Dokument sorgf\u00e4ltig durch und passen Sie es ggf. an Ihre Situation an oder holen Sie sich rechtlichen Rat. Wir \u00fcbernehmen keine Verantwortung f\u00fcr die Folgen der Verwendung dieses Dokuments, da nur Sie die Kontrolle \u00fcber die Richtigkeit aller darin enthaltenen Informationen haben. Bitte beachten Sie auch, dass die Datenschutzpolitik, selbst die beste, nur ein Element der Sorge um Ihre pers\u00f6nlichen Daten und Ihre Privatsph\u00e4re auf der Website ist.<\/p>\n<p>Mobile Ger\u00e4te:<\/p>\n<ul>\n<li>\u00a0<a href=\"http:\/\/support.google.com\/chrome\/bin\/answer.py?hl=pl&amp;answer=95647\">Android<\/a><\/li>\n<li>\u00a0<a href=\"http:\/\/support.apple.com\/kb\/HT1677?viewlocale=pl_PL\">Safari (iOS)<\/a><\/li>\n<li>\u00a0<a href=\"http:\/\/www.windowsphone.com\/pl-pl\/how-to\/wp7\/web\/changing-privacy-and-other-browser-settings\">Windows Phone<\/a><\/li>\n<\/ul>\n<p><b>8 Umgang mit Cookies - wie kann die Zustimmung in der Praxis erteilt und zur\u00fcckgezogen werden?<\/b><\/p>\n<p>Wenn Sie keine Cookies erhalten m\u00f6chten, k\u00f6nnen Sie die Einstellungen Ihres Browsers \u00e4ndern. Bitte beachten Sie, dass die Deaktivierung von Cookies, die f\u00fcr Authentifizierungsprozesse, Sicherheit und die Beibehaltung von Benutzerpr\u00e4ferenzen unerl\u00e4sslich sind, die Nutzung der Websites erschweren und in extremen F\u00e4llen unm\u00f6glich machen kann. Um Ihre Cookie-Einstellungen zu verwalten, w\u00e4hlen Sie den von Ihnen verwendeten Webbrowser aus der nachstehenden Liste aus und folgen Sie den Anweisungen:<\/p>\n<ul>\n<li>\u00a0<a href=\"https:\/\/support.microsoft.com\/pl-pl\/help\/10607\/microsoft-edge-view-delete-browser-history\">Kante<\/a><\/li>\n<li>\u00a0<a href=\"https:\/\/support.microsoft.com\/pl-pl\/help\/278835\/how-to-delete-cookie-files-in-internet-explorer\">Internet Explorer<\/a><\/li>\n<li>\u00a0<a href=\"http:\/\/support.google.com\/chrome\/bin\/answer.py?hl=pl&amp;answer=95647\">Chrom<\/a><\/li>\n<li>\u00a0<a href=\"http:\/\/support.apple.com\/kb\/PH5042\">Safari<\/a><\/li>\n<li>\u00a0<a href=\"http:\/\/support.mozilla.org\/pl\/kb\/W%C5%82%C4%85czanie%20i%20wy%C5%82%C4%85czanie%20obs%C5%82ugi%20ciasteczek\">Firefox<\/a><\/li>\n<li>\u00a0<a href=\"http:\/\/help.opera.com\/Windows\/12.10\/pl\/cookies.html\">Oper<\/a><\/li>\n<\/ul>\n<div>\u00a0<\/div>\n<p><b>7 Relevante Marketingtechniken<\/b><\/p>\n<p>Der Betreiber nutzt die statistische Auswertung des Website-Verkehrs \u00fcber Google Analytics (Google Inc., mit Sitz in den USA). Der Betreiber \u00fcbermittelt keine personenbezogenen Daten an den Betreiber dieses Dienstes, sondern nur anonymisierte Informationen. Der Dienst basiert auf der Verwendung von Cookies auf dem Endger\u00e4t des Nutzers. Was die vom Google-Werbenetzwerk gesammelten Informationen \u00fcber die Pr\u00e4ferenzen des Nutzers betrifft, so kann der Nutzer die aus den Cookies resultierenden Informationen mit dem Tool https:\/\/www.google.com\/ads\/preferences\/ einsehen und bearbeiten. Der Betreiber verwendet Remarketing-Techniken, um Werbebotschaften mit dem Verhalten des Nutzers auf der Website abzustimmen, was den Anschein erwecken kann, dass die pers\u00f6nlichen Daten des Nutzers verwendet werden, um den Nutzer zu verfolgen, aber in der Praxis werden keine pers\u00f6nlichen Daten vom Betreiber an die Werbebetreiber \u00fcbermittelt. Eine technische Voraussetzung f\u00fcr solche Aktivit\u00e4ten ist die Aktivierung von Cookies. Der Betreiber verwendet das Facebook-Pixel. Diese Technologie bedeutet, dass Facebook (Facebook Inc., USA) wei\u00df, dass eine bei ihm registrierte Person die Website nutzt. Der Betreiber \u00fcbertr\u00e4gt keine weiteren personenbezogenen Daten an Facebook. Der Dienst basiert auf der Verwendung von Cookies auf dem Endger\u00e4t des Nutzers. Der Betreiber verwendet eine L\u00f6sung zur Untersuchung des Nutzerverhaltens, indem er Heatmaps erstellt und das Verhalten auf der Website aufzeichnet. Diese Informationen werden anonymisiert, bevor sie an den Betreiber des Dienstes gesendet werden, so dass dieser nicht wei\u00df, auf welche Person sie sich beziehen. Insbesondere werden eingegebene Passw\u00f6rter und andere pers\u00f6nliche Daten nicht aufgezeichnet. Der Betreiber verwendet eine L\u00f6sung, die den Betrieb des Dienstes in Bezug auf die Nutzer automatisiert, z. B. kann er dem Nutzer nach dem Besuch einer bestimmten Unterseite eine E-Mail schicken, sofern der Nutzer dem Erhalt kommerzieller Korrespondenz des Betreibers zugestimmt hat.<b><\/b><\/p>\n<p><b>6 Administratorprotokolle<\/b><\/p>\n<p>Informationen \u00fcber das Nutzerverhalten auf der Website k\u00f6nnen protokolliert werden. Diese Daten werden f\u00fcr die Verwaltung der Website verwendet.<\/p>\n<p><b><br \/>5. Informationen zu den Formularen<\/b><\/p>\n<p>Der Dienst sammelt Informationen, die der Nutzer freiwillig zur Verf\u00fcgung stellt, einschlie\u00dflich personenbezogener Daten, sofern diese angegeben werden. Der Dienst kann Informationen \u00fcber die Verbindungsparameter (Zeitstempel, IP-Adresse) aufzeichnen. In einigen F\u00e4llen kann der Dienst Informationen aufzeichnen, um die Verkn\u00fcpfung der Daten im Formular mit der E-Mail-Adresse des Benutzers, der das Formular ausf\u00fcllt, zu erleichtern. In diesem Fall erscheint die E-Mail-Adresse des Nutzers in der URL der Seite, die das Formular enth\u00e4lt. Die im Formular angegebenen Daten werden zu dem Zweck verarbeitet, der sich aus der Funktion des jeweiligen Formulars ergibt, z. B. zur Bearbeitung einer Dienstleistungsanfrage oder eines Gesch\u00e4ftskontakts, zur Registrierung von Dienstleistungen usw. In jedem Fall geht aus dem Kontext und der Beschreibung des Formulars klar hervor, wof\u00fcr es verwendet wird.<\/p>\n<p><b>4. Ihre Rechte und zus\u00e4tzliche Informationen \u00fcber die Verwendung Ihrer Daten<\/b><\/p>\n<p>In bestimmten Situationen hat der Verwalter das Recht, Ihre personenbezogenen Daten an andere Empf\u00e4nger zu \u00fcbermitteln, wenn dies f\u00fcr die Erf\u00fcllung eines mit Ihnen geschlossenen Vertrags oder f\u00fcr die Erf\u00fcllung der dem Verwalter obliegenden Verpflichtungen erforderlich ist. Dies gilt f\u00fcr solche Gruppen von Empf\u00e4ngern:<\/p>\n<ul>\n<li>\u00a0Hosting-Unternehmen auf delegierter Basis<\/li>\n<li>\u00a0Kuriere<\/li>\n<li>\u00a0Postunternehmen<\/li>\n<li>\u00a0Banken<\/li>\n<li>\u00a0Zahlungsdienstleister<\/li>\n<li>\u00a0Betreiber des Kommentarsystems<\/li>\n<li>\u00a0Betreiber von Online-Chat-L\u00f6sungen<\/li>\n<li>\u00a0autorisierte Mitarbeiter und Partner, die die Daten zur Erf\u00fcllung des Zwecks der Website verwenden<\/li>\n<li>\u00a0Unternehmen, die dem Verwalter Marketingdienstleistungen anbieten<\/li>\n<\/ul>\n<p>Ihre personenbezogenen Daten werden vom Verwalter nur so lange verarbeitet, wie es f\u00fcr die Durchf\u00fchrung der damit verbundenen T\u00e4tigkeiten erforderlich ist, die in gesonderten Vorschriften festgelegt sind (z. B. zur Buchf\u00fchrung). Was die Marketingdaten betrifft, so werden diese nicht l\u00e4nger als 3 Jahre verarbeitet. Sie haben das Recht, vom Verwalter die L\u00f6schung Ihrer Daten zu verlangen:<\/p>\n<ul>\n<li>\u00a0Zugang zu den Sie betreffenden personenbezogenen Daten,<\/li>\n<li>\u00a0ihre Berichtigung,<\/li>\n<li>\u00a0L\u00f6schungen,<\/li>\n<li>\u00a0Einschr\u00e4nkung der Verarbeitung,<\/li>\n<li>\u00a0und Daten\u00fcbertragbarkeit.<\/li>\n<\/ul>\n<p>Sie haben das Recht, der unter 3.3 c) genannten Verarbeitung Ihrer personenbezogenen Daten zum Zwecke der Wahrnehmung der vom Verwalter verfolgten berechtigten Interessen, einschlie\u00dflich des Profilings, zu widersprechen, wobei das Widerspruchsrecht nicht ausge\u00fcbt werden kann, wenn berechtigte Gr\u00fcnde f\u00fcr die Verarbeitung vorliegen, die Ihre Interessen, Rechte und Freiheiten \u00fcberwiegen, insbesondere die Feststellung, Geltendmachung oder Verteidigung von Anspr\u00fcchen. Sie k\u00f6nnen sich \u00fcber die Handlungen des Verwalters beim Pr\u00e4sidenten des Amtes f\u00fcr den Schutz personenbezogener Daten, Stawki-Stra\u00dfe 2, 00-193 Warschau, beschweren. Die Angabe personenbezogener Daten ist freiwillig, aber f\u00fcr den Betrieb des Dienstes erforderlich. Eine automatisierte Entscheidungsfindung, einschlie\u00dflich Profiling zum Zweck der Erbringung von Dienstleistungen im Rahmen eines abgeschlossenen Vertrags und zum Zweck des Direktmarketings durch den Verwalter, kann in Bezug auf Sie durchgef\u00fchrt werden. Personenbezogene Daten werden nicht aus Drittl\u00e4ndern im Sinne der Datenschutzgesetzgebung \u00fcbermittelt. Das bedeutet, dass wir sie nicht in L\u00e4nder au\u00dferhalb der Europ\u00e4ischen Union \u00fcbermitteln.<\/p>\n<p><b>3. das Hosting<\/b><\/p>\n<p>Der Dienst wird auf den Servern des Betreibers gehostet (technisch gewartet): lh.pl<\/p>\n<p><b>2. ausgew\u00e4hlte Datenschutzmethoden des Betreibers<\/b><\/p>\n<p>Die Login- und Personendaten-Eingabeseiten sind in der \u00dcbertragungsschicht gesch\u00fctzt (SSL-Zertifikat). Dadurch wird sichergestellt, dass die auf der Website eingegebenen pers\u00f6nlichen Daten und Anmeldedaten auf dem Computer des Benutzers verschl\u00fcsselt werden und nur auf dem Zielserver gelesen werden k\u00f6nnen. Die in der Datenbank gespeicherten pers\u00f6nlichen Daten werden so verschl\u00fcsselt, dass nur derjenige sie lesen kann, der im Besitz des Operator-Schl\u00fcssels ist. Dies sch\u00fctzt die Daten, falls die Datenbank vom Server gestohlen wird. Die Passw\u00f6rter der Benutzer werden in gehashter Form gespeichert. Die Hash-Funktion arbeitet in einer Einbahnstra\u00dfe - es ist nicht m\u00f6glich, sie umzukehren, was der derzeitige moderne Standard f\u00fcr die Speicherung von Benutzerpassw\u00f6rtern ist. Der Betreiber \u00e4ndert in regelm\u00e4\u00dfigen Abst\u00e4nden seine administrativen Passw\u00f6rter. Um die Daten zu sch\u00fctzen, erstellt der Betreiber regelm\u00e4\u00dfig Sicherheitskopien. Ein wichtiges Element des Datenschutzes ist die regelm\u00e4\u00dfige Aktualisierung der gesamten Software, die der Betreiber zur Verarbeitung personenbezogener Daten einsetzt, d.h. insbesondere die regelm\u00e4\u00dfige Aktualisierung der Softwarekomponenten.<\/p>\n<\/li>\n<\/ol>\n<\/header>\n<p><\/p>\t\t\t\t\t\t\t\t<\/div>\n\t\t\t\t<\/div>\n\t\t\t\t\t<\/div>\n\t\t\t\t<\/div>\n\t\t\t\t<\/div>","protected":false},"excerpt":{"rendered":"<p>In dieser Datenschutzerkl\u00e4rung wird beschrieben, wie wir Informationen \u00fcber Sie, einschlie\u00dflich personenbezogener Daten und Cookies, oder \"Cookies\", verarbeiten.<\/p>","protected":false},"author":1,"featured_media":0,"parent":0,"menu_order":0,"comment_status":"closed","ping_status":"closed","template":"","meta":{"_acf_changed":false,"footnotes":""},"class_list":["post-3","page","type-page","status-publish","hentry"],"acf":[],"_links":{"self":[{"href":"https:\/\/kopartners.pl\/de\/wp-json\/wp\/v2\/pages\/3","targetHints":{"allow":["GET"]}}],"collection":[{"href":"https:\/\/kopartners.pl\/de\/wp-json\/wp\/v2\/pages"}],"about":[{"href":"https:\/\/kopartners.pl\/de\/wp-json\/wp\/v2\/types\/page"}],"author":[{"embeddable":true,"href":"https:\/\/kopartners.pl\/de\/wp-json\/wp\/v2\/users\/1"}],"replies":[{"embeddable":true,"href":"https:\/\/kopartners.pl\/de\/wp-json\/wp\/v2\/comments?post=3"}],"version-history":[{"count":13,"href":"https:\/\/kopartners.pl\/de\/wp-json\/wp\/v2\/pages\/3\/revisions"}],"predecessor-version":[{"id":28730,"href":"https:\/\/kopartners.pl\/de\/wp-json\/wp\/v2\/pages\/3\/revisions\/28730"}],"wp:attachment":[{"href":"https:\/\/kopartners.pl\/de\/wp-json\/wp\/v2\/media?parent=3"}],"curies":[{"name":"wp","href":"https:\/\/api.w.org\/{rel}","templated":true}]}}